{"id":3959,"date":"2025-06-17T13:51:59","date_gmt":"2025-06-17T06:51:59","guid":{"rendered":"https:\/\/aikip.io\/?post_type=product&#038;p=3959"},"modified":"2025-06-23T11:19:23","modified_gmt":"2025-06-23T04:19:23","slug":"phat-trien-ben-vung-tai-chinh-doanh-nghiep","status":"publish","type":"product","link":"https:\/\/aikip.io\/en\/product\/phat-trien-ben-vung-tai-chinh-doanh-nghiep\/","title":{"rendered":"Sustainable Development Corporate Finance"},"content":{"rendered":"<h3>Building a green business \u2013 Mastering ESG to lead the sustainable trend!<\/h3>\n<p>Certificate courses in Sustainability and ESG cover topics such as introduction to ESG, ESG opportunities and risks, ESG impact and implementation, and ESG leadership and innovation. Courses range in level from beginner to expert, with varying lengths.<\/p>\n<p><strong>Foundation \u2013 Introduction to Sustainability &amp; ESG<\/strong><\/p>\n<p>This certification is concerned with providing basic knowledge and understanding of ESG, an important concept in modern business and investment strategies. ESG stands for Environmental, Social, and Governance, and are factors used to assess the sustainability and ethical impact of a company or organization.<\/p>\n<p>Number of learning contents:<br \/>\n4 tutorials:<br \/>\nSustainability &amp; Sustainable Development<br \/>\nESG \u2013 Primer<br \/>\nESG \u2013 An Introduction<br \/>\nESG Factors<\/p>\n<p><strong>Intermediate \u2013 ESG Risks and Opportunities<\/strong><\/p>\n<p>The Intermediate Certificate in ESG (Environmental, Social and Governance) provides a deeper level of understanding and expertise than the introductory level. It is designed for those who already have a basic understanding of ESG principles and want to enhance their knowledge and skills in applying ESG strategies and frameworks.<\/p>\n<p>Number of learning contents:<br \/>\n11 tutorials:<br \/>\nNet Zero<br \/>\nClimate Change \u2013 Physical Risks<br \/>\nClimate Change \u2013 Transition Risks<br \/>\nGreenwashing<br \/>\nStranded Assets<br \/>\nSustainable Development Goals (SDGs) \u2013 An Introduction<br \/>\nSustainable Development Goals (SDGs) \u2013 Impact on the Financial Sector<br \/>\nBiodiversity &amp; Financial Institutions<br \/>\nCircular Economy<br \/>\nBlue Economy<br \/>\nDeforestation<br \/>\nClean Energy<\/p>\n<p><strong>Advanced \u2013 ESG Impact and Implementation<\/strong><\/p>\n<p>The Advanced Certificate in ESG (Environmental, Social and Governance) is designed for professionals who already have a solid understanding of ESG principles and want to enhance their expertise in the strategic application and advanced implementation of ESG frameworks.<\/p>\n<p>Number of learning contents:<br \/>\n13 tutorials:<br \/>\nClimate Risk \u2013 An Introduction<br \/>\nClimate Risk Measurement \u2013An Introduction<br \/>\nClimate Risk Measurement \u2013Approaches<br \/>\nClimate Risk \u2013Banking &amp; Decarbonization<br \/>\nClimate Risk \u2013Stress Testing<br \/>\nSustainable &amp; Responsible Investing \u2013 An Introduction<br \/>\nSustainable &amp; Responsible Investing \u2013 Strategies<br \/>\nImpact Investing<br \/>\nESG Investing \u2013Scenario (Retail)<br \/>\nESG Investing \u2013Scenario (Institutional)<br \/>\nGreen Bonds \u2013 An Introduction<br \/>\nGreen Bonds in Practice<br \/>\nSocial Bonds &amp; Sustainable Instruments<\/p>\n<p><strong>Expert \u2013 ESG Leadership and Innovation<\/strong><\/p>\n<p>The ESG (Environmental, Social and Governance) Professional Certificate is designed for highly experienced professionals who have mastered ESG principles and practices and wish to advance their expertise to become leaders or experts in the ESG field.<\/p>\n<p>Number of learning contents:<br \/>\n13 tutorials:<br \/>\nSustainable Finance \u2013 An Introduction<br \/>\nSustainable Finance \u2013Principles &amp; Frameworks<br \/>\nSustainable Finance in Practice<br \/>\nCorporate Governance \u2013 An Introduction<br \/>\nCorporate Governance in Practice<br \/>\nCSR &amp; RBC \u2013 An Introduction<br \/>\nCSR &amp; RBC in Practice<br \/>\nESG Data &amp; Ratings \u2013 An Introduction<br \/>\nESG Data &amp; Ratings \u2013Reporting Frameworks<br \/>\nSustainability Reporting<br \/>\nSustainable Finance Disclosure Regulation (SFDR)<br \/>\nTaxonomy Regulation (Europe)<br \/>\nCorporate Sustainability Reporting Directive (CSRD)<\/p>","protected":false},"excerpt":{"rendered":"<p>Ki\u1ebfn t\u1ea1o doanh nghi\u1ec7p xanh &#8211; Th\u00e0nh th\u1ea1o ESG \u0111\u1ec3 d\u1eabn \u0111\u1ea7u xu th\u1ebf b\u1ec1n v\u1eefng! C\u00e1c kh\u00f3a h\u1ecdc ch\u1ee9ng ch\u1ec9 v\u1ec1 Ph\u00e1t tri\u1ec3n b\u1ec1n v\u1eefng v\u00e0 ESG bao g\u1ed3m c\u00e1c ch\u1ee7 \u0111\u1ec1 nh\u01b0 gi\u1edbi thi\u1ec7u v\u1ec1 ESG, c\u01a1 h\u1ed9i v\u00e0 r\u1ee7i ro c\u1ee7a ESG, t\u00e1c \u0111\u1ed9ng v\u00e0 tri\u1ec3n khai ESG, v\u00e0 l\u00e3nh \u0111\u1ea1o v\u00e0 [&hellip;]<\/p>\n","protected":false},"featured_media":3893,"comment_status":"closed","ping_status":"closed","template":"","meta":{"site-sidebar-layout":"default","site-content-layout":"","ast-site-content-layout":"default","site-content-style":"default","site-sidebar-style":"default","ast-global-header-display":"","ast-banner-title-visibility":"","ast-main-header-display":"","ast-hfb-above-header-display":"","ast-hfb-below-header-display":"","ast-hfb-mobile-header-display":"","site-post-title":"","ast-breadcrumbs-content":"","ast-featured-img":"","footer-sml-layout":"","ast-disable-related-posts":"","theme-transparent-header-meta":"default","adv-header-id-meta":"","stick-header-meta":"","header-above-stick-meta":"","header-main-stick-meta":"","header-below-stick-meta":"","astra-migrate-meta-layouts":"set","ast-page-background-enabled":"default","ast-page-background-meta":{"desktop":{"background-color":"","background-image":"","background-repeat":"repeat","background-position":"center center","background-size":"auto","background-attachment":"scroll","background-type":"","background-media":"","overlay-type":"","overlay-color":"","overlay-opacity":"","overlay-gradient":""},"tablet":{"background-color":"","background-image":"","background-repeat":"repeat","background-position":"center center","background-size":"auto","background-attachment":"scroll","background-type":"","background-media":"","overlay-type":"","overlay-color":"","overlay-opacity":"","overlay-gradient":""},"mobile":{"background-color":"","background-image":"","background-repeat":"repeat","background-position":"center center","background-size":"auto","background-attachment":"scroll","background-type":"","background-media":"","overlay-type":"","overlay-color":"","overlay-opacity":"","overlay-gradient":""}},"ast-content-background-meta":{"desktop":{"background-color":"var(--ast-global-color-4)","background-image":"","background-repeat":"repeat","background-position":"center center","background-size":"auto","background-attachment":"scroll","background-type":"","background-media":"","overlay-type":"","overlay-color":"","overlay-opacity":"","overlay-gradient":""},"tablet":{"background-color":"var(--ast-global-color-4)","background-image":"","background-repeat":"repeat","background-position":"center center","background-size":"auto","background-attachment":"scroll","background-type":"","background-media":"","overlay-type":"","overlay-color":"","overlay-opacity":"","overlay-gradient":""},"mobile":{"background-color":"var(--ast-global-color-4)","background-image":"","background-repeat":"repeat","background-position":"center center","background-size":"auto","background-attachment":"scroll","background-type":"","background-media":"","overlay-type":"","overlay-color":"","overlay-opacity":"","overlay-gradient":""}}},"product_brand":[],"product_cat":[229,271],"product_tag":[],"class_list":{"0":"post-3959","1":"product","2":"type-product","3":"status-publish","4":"has-post-thumbnail","6":"product_cat-phat-trien-ben-vung-esg","7":"product_cat-tuyen-tap-khoa-hoc-cot-loi","8":"desktop-align-left","9":"tablet-align-left","10":"mobile-align-left","12":"first","13":"instock","14":"sale","15":"featured","16":"taxable","17":"shipping-taxable","18":"purchasable","19":"product-type-variable"},"_links":{"self":[{"href":"https:\/\/aikip.io\/en\/wp-json\/wp\/v2\/product\/3959","targetHints":{"allow":["GET"]}}],"collection":[{"href":"https:\/\/aikip.io\/en\/wp-json\/wp\/v2\/product"}],"about":[{"href":"https:\/\/aikip.io\/en\/wp-json\/wp\/v2\/types\/product"}],"replies":[{"embeddable":true,"href":"https:\/\/aikip.io\/en\/wp-json\/wp\/v2\/comments?post=3959"}],"wp:featuredmedia":[{"embeddable":true,"href":"https:\/\/aikip.io\/en\/wp-json\/wp\/v2\/media\/3893"}],"wp:attachment":[{"href":"https:\/\/aikip.io\/en\/wp-json\/wp\/v2\/media?parent=3959"}],"wp:term":[{"taxonomy":"product_brand","embeddable":true,"href":"https:\/\/aikip.io\/en\/wp-json\/wp\/v2\/product_brand?post=3959"},{"taxonomy":"product_cat","embeddable":true,"href":"https:\/\/aikip.io\/en\/wp-json\/wp\/v2\/product_cat?post=3959"},{"taxonomy":"product_tag","embeddable":true,"href":"https:\/\/aikip.io\/en\/wp-json\/wp\/v2\/product_tag?post=3959"}],"curies":[{"name":"wp","href":"https:\/\/api.w.org\/{rel}","templated":true}]}}