{"id":3749,"date":"2025-04-11T18:26:13","date_gmt":"2025-04-11T11:26:13","guid":{"rendered":"https:\/\/aikip.io\/product\/robotics-vex-go-iq-exp-va-v5\/"},"modified":"2025-04-11T18:26:14","modified_gmt":"2025-04-11T11:26:14","slug":"robotics-vex-go-iq-exp-va-v5","status":"publish","type":"product","link":"https:\/\/aikip.io\/en\/product\/robotics-vex-go-iq-exp-va-v5\/","title":{"rendered":"Robotics \u2013 VEX GO, IQ, EXP and V5"},"content":{"rendered":"<p>With Robotics for Elementary, the course teaches basic robotic concepts such as simple machines, sensors, and programming logic. Students work with beginner-friendly robotic platforms such as VEX GO, IQ, using assembled plastic parts and a simplified programming environment. With Robotics for Secondary, students learn about more complex mechanisms through the use of VEX EXP, V5, and even CTE Workcell, advanced programming techniques, and sensors for light, color, and pressure. Additionally, understanding mechanical concepts such as pneumatic actuators and four-bar linkages further enhances students&#039; ability to design robots.<\/p>","protected":false},"excerpt":{"rendered":"<p>V\u1edbi Robotics cho Ti\u1ec3u h\u1ecdc, kh\u00f3a h\u1ecdc d\u1ea1y c\u00e1c kh\u00e1i ni\u1ec7m c\u01a1 b\u1ea3n v\u1ec1 robot nh\u01b0 m\u00e1y \u0111\u01a1n gi\u1ea3n, c\u1ea3m bi\u1ebfn v\u00e0 logic l\u1eadp tr\u00ecnh. H\u1ecdc vi\u00ean l\u00e0m vi\u1ec7c v\u1edbi c\u00e1c n\u1ec1n t\u1ea3ng robot th\u00e2n thi\u1ec7n v\u1edbi ng\u01b0\u1eddi m\u1edbi b\u1eaft \u0111\u1ea7u nh\u01b0 VEX GO, IQ, s\u1eed d\u1ee5ng c\u00e1c b\u1ed9 ph\u1eadn nh\u1ef1a l\u1eafp r\u00e1p v\u00e0 m\u00f4i [&hellip;]<\/p>\n","protected":false},"featured_media":3424,"comment_status":"closed","ping_status":"closed","template":"","meta":{"site-sidebar-layout":"default","site-content-layout":"","ast-site-content-layout":"default","site-content-style":"default","site-sidebar-style":"default","ast-global-header-display":"","ast-banner-title-visibility":"","ast-main-header-display":"","ast-hfb-above-header-display":"","ast-hfb-below-header-display":"","ast-hfb-mobile-header-display":"","site-post-title":"","ast-breadcrumbs-content":"","ast-featured-img":"","footer-sml-layout":"","ast-disable-related-posts":"","theme-transparent-header-meta":"","adv-header-id-meta":"","stick-header-meta":"","header-above-stick-meta":"","header-main-stick-meta":"","header-below-stick-meta":"","astra-migrate-meta-layouts":"default","ast-page-background-enabled":"default","ast-page-background-meta":{"desktop":{"background-color":"","background-image":"","background-repeat":"repeat","background-position":"center center","background-size":"auto","background-attachment":"scroll","background-type":"","background-media":"","overlay-type":"","overlay-color":"","overlay-opacity":"","overlay-gradient":""},"tablet":{"background-color":"","background-image":"","background-repeat":"repeat","background-position":"center center","background-size":"auto","background-attachment":"scroll","background-type":"","background-media":"","overlay-type":"","overlay-color":"","overlay-opacity":"","overlay-gradient":""},"mobile":{"background-color":"","background-image":"","background-repeat":"repeat","background-position":"center center","background-size":"auto","background-attachment":"scroll","background-type":"","background-media":"","overlay-type":"","overlay-color":"","overlay-opacity":"","overlay-gradient":""}},"ast-content-background-meta":{"desktop":{"background-color":"var(--ast-global-color-4)","background-image":"","background-repeat":"repeat","background-position":"center center","background-size":"auto","background-attachment":"scroll","background-type":"","background-media":"","overlay-type":"","overlay-color":"","overlay-opacity":"","overlay-gradient":""},"tablet":{"background-color":"var(--ast-global-color-4)","background-image":"","background-repeat":"repeat","background-position":"center center","background-size":"auto","background-attachment":"scroll","background-type":"","background-media":"","overlay-type":"","overlay-color":"","overlay-opacity":"","overlay-gradient":""},"mobile":{"background-color":"var(--ast-global-color-4)","background-image":"","background-repeat":"repeat","background-position":"center center","background-size":"auto","background-attachment":"scroll","background-type":"","background-media":"","overlay-type":"","overlay-color":"","overlay-opacity":"","overlay-gradient":""}}},"product_brand":[],"product_cat":[136,121],"product_tag":[],"class_list":{"0":"post-3749","1":"product","2":"type-product","3":"status-publish","4":"has-post-thumbnail","6":"product_cat-dao-tao-ky-nang","7":"product_cat-ngon-ngu-va-ky-nang","8":"desktop-align-left","9":"tablet-align-left","10":"mobile-align-left","12":"first","13":"instock","14":"sale","15":"taxable","16":"shipping-taxable","17":"purchasable","18":"product-type-simple"},"_links":{"self":[{"href":"https:\/\/aikip.io\/en\/wp-json\/wp\/v2\/product\/3749","targetHints":{"allow":["GET"]}}],"collection":[{"href":"https:\/\/aikip.io\/en\/wp-json\/wp\/v2\/product"}],"about":[{"href":"https:\/\/aikip.io\/en\/wp-json\/wp\/v2\/types\/product"}],"replies":[{"embeddable":true,"href":"https:\/\/aikip.io\/en\/wp-json\/wp\/v2\/comments?post=3749"}],"wp:featuredmedia":[{"embeddable":true,"href":"https:\/\/aikip.io\/en\/wp-json\/wp\/v2\/media\/3424"}],"wp:attachment":[{"href":"https:\/\/aikip.io\/en\/wp-json\/wp\/v2\/media?parent=3749"}],"wp:term":[{"taxonomy":"product_brand","embeddable":true,"href":"https:\/\/aikip.io\/en\/wp-json\/wp\/v2\/product_brand?post=3749"},{"taxonomy":"product_cat","embeddable":true,"href":"https:\/\/aikip.io\/en\/wp-json\/wp\/v2\/product_cat?post=3749"},{"taxonomy":"product_tag","embeddable":true,"href":"https:\/\/aikip.io\/en\/wp-json\/wp\/v2\/product_tag?post=3749"}],"curies":[{"name":"wp","href":"https:\/\/api.w.org\/{rel}","templated":true}]}}