{"id":3746,"date":"2025-04-11T18:26:10","date_gmt":"2025-04-11T11:26:10","guid":{"rendered":"https:\/\/aikip.io\/product\/tri-tue-nhan-tao-ai-lap-trinh-the-gioi-cua-ban-voi-vr\/"},"modified":"2025-04-11T18:26:11","modified_gmt":"2025-04-11T11:26:11","slug":"tri-tue-nhan-tao-ai-lap-trinh-the-gioi-cua-ban-voi-vr","status":"publish","type":"product","link":"https:\/\/aikip.io\/en\/product\/tri-tue-nhan-tao-ai-lap-trinh-the-gioi-cua-ban-voi-vr\/","title":{"rendered":"Artificial Intelligence (AI) - Code Your Own World with VR"},"content":{"rendered":"<p>From forests to Mars, students will bring their imaginations to life by programming their own virtual reality worlds. Using HTML, JavaScript, and A-Frame, students will program and add custom textures, elements, and interactions to complete realistic 3D environments. Students can also easily share their creations with friends and family, and immerse themselves in their own creations.<\/p>","protected":false},"excerpt":{"rendered":"<p>T\u1eeb r\u1eebng c\u00e2y \u0111\u1ebfn sao H\u1ecfa, h\u1ecdc vi\u00ean s\u1ebd hi\u1ec7n th\u1ef1c h\u00f3a tr\u00ed t\u01b0\u1edfng t\u01b0\u1ee3ng c\u1ee7a m\u00ecnh b\u1eb1ng c\u00e1ch l\u1eadp tr\u00ecnh th\u1ebf gi\u1edbi th\u1ef1c t\u1ebf \u1ea3o c\u1ee7a ri\u00eang h\u1ecd. S\u1eed d\u1ee5ng HTML, JavaScript v\u00e0 A-Frame, h\u1ecdc vi\u00ean s\u1ebd l\u1eadp tr\u00ecnh v\u00e0 th\u00eam c\u00e1c k\u1ebft c\u1ea5u, y\u1ebfu t\u1ed1 v\u00e0 t\u01b0\u01a1ng t\u00e1c t\u00f9y ch\u1ec9nh \u0111\u1ec3 ho\u00e0n th\u00e0nh [&hellip;]<\/p>\n","protected":false},"featured_media":3484,"comment_status":"closed","ping_status":"closed","template":"","meta":{"site-sidebar-layout":"default","site-content-layout":"","ast-site-content-layout":"default","site-content-style":"default","site-sidebar-style":"default","ast-global-header-display":"","ast-banner-title-visibility":"","ast-main-header-display":"","ast-hfb-above-header-display":"","ast-hfb-below-header-display":"","ast-hfb-mobile-header-display":"","site-post-title":"","ast-breadcrumbs-content":"","ast-featured-img":"","footer-sml-layout":"","ast-disable-related-posts":"","theme-transparent-header-meta":"","adv-header-id-meta":"","stick-header-meta":"","header-above-stick-meta":"","header-main-stick-meta":"","header-below-stick-meta":"","astra-migrate-meta-layouts":"default","ast-page-background-enabled":"default","ast-page-background-meta":{"desktop":{"background-color":"","background-image":"","background-repeat":"repeat","background-position":"center center","background-size":"auto","background-attachment":"scroll","background-type":"","background-media":"","overlay-type":"","overlay-color":"","overlay-opacity":"","overlay-gradient":""},"tablet":{"background-color":"","background-image":"","background-repeat":"repeat","background-position":"center center","background-size":"auto","background-attachment":"scroll","background-type":"","background-media":"","overlay-type":"","overlay-color":"","overlay-opacity":"","overlay-gradient":""},"mobile":{"background-color":"","background-image":"","background-repeat":"repeat","background-position":"center center","background-size":"auto","background-attachment":"scroll","background-type":"","background-media":"","overlay-type":"","overlay-color":"","overlay-opacity":"","overlay-gradient":""}},"ast-content-background-meta":{"desktop":{"background-color":"var(--ast-global-color-4)","background-image":"","background-repeat":"repeat","background-position":"center center","background-size":"auto","background-attachment":"scroll","background-type":"","background-media":"","overlay-type":"","overlay-color":"","overlay-opacity":"","overlay-gradient":""},"tablet":{"background-color":"var(--ast-global-color-4)","background-image":"","background-repeat":"repeat","background-position":"center center","background-size":"auto","background-attachment":"scroll","background-type":"","background-media":"","overlay-type":"","overlay-color":"","overlay-opacity":"","overlay-gradient":""},"mobile":{"background-color":"var(--ast-global-color-4)","background-image":"","background-repeat":"repeat","background-position":"center center","background-size":"auto","background-attachment":"scroll","background-type":"","background-media":"","overlay-type":"","overlay-color":"","overlay-opacity":"","overlay-gradient":""}}},"product_brand":[],"product_cat":[136,121],"product_tag":[],"class_list":{"0":"post-3746","1":"product","2":"type-product","3":"status-publish","4":"has-post-thumbnail","6":"product_cat-dao-tao-ky-nang","7":"product_cat-ngon-ngu-va-ky-nang","8":"desktop-align-left","9":"tablet-align-left","10":"mobile-align-left","12":"first","13":"instock","14":"sale","15":"taxable","16":"shipping-taxable","17":"purchasable","18":"product-type-simple"},"_links":{"self":[{"href":"https:\/\/aikip.io\/en\/wp-json\/wp\/v2\/product\/3746","targetHints":{"allow":["GET"]}}],"collection":[{"href":"https:\/\/aikip.io\/en\/wp-json\/wp\/v2\/product"}],"about":[{"href":"https:\/\/aikip.io\/en\/wp-json\/wp\/v2\/types\/product"}],"replies":[{"embeddable":true,"href":"https:\/\/aikip.io\/en\/wp-json\/wp\/v2\/comments?post=3746"}],"wp:featuredmedia":[{"embeddable":true,"href":"https:\/\/aikip.io\/en\/wp-json\/wp\/v2\/media\/3484"}],"wp:attachment":[{"href":"https:\/\/aikip.io\/en\/wp-json\/wp\/v2\/media?parent=3746"}],"wp:term":[{"taxonomy":"product_brand","embeddable":true,"href":"https:\/\/aikip.io\/en\/wp-json\/wp\/v2\/product_brand?post=3746"},{"taxonomy":"product_cat","embeddable":true,"href":"https:\/\/aikip.io\/en\/wp-json\/wp\/v2\/product_cat?post=3746"},{"taxonomy":"product_tag","embeddable":true,"href":"https:\/\/aikip.io\/en\/wp-json\/wp\/v2\/product_tag?post=3746"}],"curies":[{"name":"wp","href":"https:\/\/api.w.org\/{rel}","templated":true}]}}