{"id":3745,"date":"2025-04-11T18:26:10","date_gmt":"2025-04-11T11:26:10","guid":{"rendered":"https:\/\/aikip.io\/product\/tri-tue-nhan-tao-ai-lap-trinh-tuong-lai-voi-tri-tue-nhan-tao\/"},"modified":"2025-04-11T18:26:10","modified_gmt":"2025-04-11T11:26:10","slug":"tri-tue-nhan-tao-ai-lap-trinh-tuong-lai-voi-tri-tue-nhan-tao","status":"publish","type":"product","link":"https:\/\/aikip.io\/en\/product\/tri-tue-nhan-tao-ai-lap-trinh-tuong-lai-voi-tri-tue-nhan-tao\/","title":{"rendered":"Artificial Intelligence (AI) - Code the Future with Artificial Intelligence"},"content":{"rendered":"<p>From self-driving cars to entertainment recommendations, artificial intelligence is part of our future. Now is the perfect time to start learning how AI works. Students will use machine learning and programming to develop and train their own image recognition systems, and explore how machine learning is applied to art, music, games, and virtual assistants by creating and programming AI projects. Students will also explore the similarities between AI and how the human brain works by studying the impact of bias and data classification.<\/p>","protected":false},"excerpt":{"rendered":"<p>T\u1eeb xe t\u1ef1 l\u00e1i \u0111\u1ebfn c\u00e1c g\u1ee3i \u00fd gi\u1ea3i tr\u00ed, tr\u00ed tu\u1ec7 nh\u00e2n t\u1ea1o l\u00e0 m\u1ed9t ph\u1ea7n c\u1ee7a t\u01b0\u01a1ng lai ch\u00fang ta. \u0110\u00e2y l\u00e0 th\u1eddi \u0111i\u1ec3m l\u00fd t\u01b0\u1edfng \u0111\u1ec3 b\u1eaft \u0111\u1ea7u h\u1ecdc c\u00e1ch ho\u1ea1t \u0111\u1ed9ng c\u1ee7a AI. H\u1ecdc vi\u00ean s\u1ebd s\u1eed d\u1ee5ng Machine Learning v\u00e0 l\u1eadp tr\u00ecnh \u0111\u1ec3 ph\u00e1t tri\u1ec3n v\u00e0 \u0111\u00e0o t\u1ea1o h\u1ec7 th\u1ed1ng [&hellip;]<\/p>\n","protected":false},"featured_media":3483,"comment_status":"closed","ping_status":"closed","template":"","meta":{"site-sidebar-layout":"default","site-content-layout":"","ast-site-content-layout":"default","site-content-style":"default","site-sidebar-style":"default","ast-global-header-display":"","ast-banner-title-visibility":"","ast-main-header-display":"","ast-hfb-above-header-display":"","ast-hfb-below-header-display":"","ast-hfb-mobile-header-display":"","site-post-title":"","ast-breadcrumbs-content":"","ast-featured-img":"","footer-sml-layout":"","ast-disable-related-posts":"","theme-transparent-header-meta":"","adv-header-id-meta":"","stick-header-meta":"","header-above-stick-meta":"","header-main-stick-meta":"","header-below-stick-meta":"","astra-migrate-meta-layouts":"default","ast-page-background-enabled":"default","ast-page-background-meta":{"desktop":{"background-color":"","background-image":"","background-repeat":"repeat","background-position":"center center","background-size":"auto","background-attachment":"scroll","background-type":"","background-media":"","overlay-type":"","overlay-color":"","overlay-opacity":"","overlay-gradient":""},"tablet":{"background-color":"","background-image":"","background-repeat":"repeat","background-position":"center center","background-size":"auto","background-attachment":"scroll","background-type":"","background-media":"","overlay-type":"","overlay-color":"","overlay-opacity":"","overlay-gradient":""},"mobile":{"background-color":"","background-image":"","background-repeat":"repeat","background-position":"center center","background-size":"auto","background-attachment":"scroll","background-type":"","background-media":"","overlay-type":"","overlay-color":"","overlay-opacity":"","overlay-gradient":""}},"ast-content-background-meta":{"desktop":{"background-color":"var(--ast-global-color-4)","background-image":"","background-repeat":"repeat","background-position":"center center","background-size":"auto","background-attachment":"scroll","background-type":"","background-media":"","overlay-type":"","overlay-color":"","overlay-opacity":"","overlay-gradient":""},"tablet":{"background-color":"var(--ast-global-color-4)","background-image":"","background-repeat":"repeat","background-position":"center center","background-size":"auto","background-attachment":"scroll","background-type":"","background-media":"","overlay-type":"","overlay-color":"","overlay-opacity":"","overlay-gradient":""},"mobile":{"background-color":"var(--ast-global-color-4)","background-image":"","background-repeat":"repeat","background-position":"center center","background-size":"auto","background-attachment":"scroll","background-type":"","background-media":"","overlay-type":"","overlay-color":"","overlay-opacity":"","overlay-gradient":""}}},"product_brand":[],"product_cat":[136,121],"product_tag":[],"class_list":{"0":"post-3745","1":"product","2":"type-product","3":"status-publish","4":"has-post-thumbnail","6":"product_cat-dao-tao-ky-nang","7":"product_cat-ngon-ngu-va-ky-nang","8":"desktop-align-left","9":"tablet-align-left","10":"mobile-align-left","12":"first","13":"instock","14":"sale","15":"taxable","16":"shipping-taxable","17":"purchasable","18":"product-type-simple"},"_links":{"self":[{"href":"https:\/\/aikip.io\/en\/wp-json\/wp\/v2\/product\/3745","targetHints":{"allow":["GET"]}}],"collection":[{"href":"https:\/\/aikip.io\/en\/wp-json\/wp\/v2\/product"}],"about":[{"href":"https:\/\/aikip.io\/en\/wp-json\/wp\/v2\/types\/product"}],"replies":[{"embeddable":true,"href":"https:\/\/aikip.io\/en\/wp-json\/wp\/v2\/comments?post=3745"}],"wp:featuredmedia":[{"embeddable":true,"href":"https:\/\/aikip.io\/en\/wp-json\/wp\/v2\/media\/3483"}],"wp:attachment":[{"href":"https:\/\/aikip.io\/en\/wp-json\/wp\/v2\/media?parent=3745"}],"wp:term":[{"taxonomy":"product_brand","embeddable":true,"href":"https:\/\/aikip.io\/en\/wp-json\/wp\/v2\/product_brand?post=3745"},{"taxonomy":"product_cat","embeddable":true,"href":"https:\/\/aikip.io\/en\/wp-json\/wp\/v2\/product_cat?post=3745"},{"taxonomy":"product_tag","embeddable":true,"href":"https:\/\/aikip.io\/en\/wp-json\/wp\/v2\/product_tag?post=3745"}],"curies":[{"name":"wp","href":"https:\/\/api.w.org\/{rel}","templated":true}]}}