{"id":3743,"date":"2025-04-11T18:26:07","date_gmt":"2025-04-11T11:26:07","guid":{"rendered":"https:\/\/aikip.io\/product\/nha-phat-trien-game-thiet-ke-game-voi-phaser\/"},"modified":"2025-04-11T18:26:09","modified_gmt":"2025-04-11T11:26:09","slug":"nha-phat-trien-game-thiet-ke-game-voi-phaser","status":"publish","type":"product","link":"https:\/\/aikip.io\/en\/product\/nha-phat-trien-game-thiet-ke-game-voi-phaser\/","title":{"rendered":"Game Developer - Video Game Design with Phaser"},"content":{"rendered":"<p>Start programming games like a pro with this course. Using the popular desktop and mobile game framework, PhaserJS, students will learn how to create a platformer, side-scroller, and mini-games. Leveraging their creativity and design thinking skills, students will create, customize, and enhance their games by adding their own characters, environments, gravity, and world physics. Using design thinking, students will collect feedback from their peers and improve their games.<\/p>","protected":false},"excerpt":{"rendered":"<p>B\u1eaft \u0111\u1ea7u l\u1eadp tr\u00ecnh tr\u00f2 ch\u01a1i nh\u01b0 m\u1ed9t chuy\u00ean gia v\u1edbi kh\u00f3a h\u1ecdc n\u00e0y. S\u1eed d\u1ee5ng khung tr\u00f2 ch\u01a1i ph\u1ed5 bi\u1ebfn d\u00e0nh cho m\u00e1y t\u00ednh \u0111\u1ec3 b\u00e0n v\u00e0 thi\u1ebft b\u1ecb di \u0111\u1ed9ng, PhaserJS, h\u1ecdc vi\u00ean s\u1ebd h\u1ecdc c\u00e1ch t\u1ea1o ra m\u1ed9t tr\u00f2 ch\u01a1i \u0111i c\u1ea3nh, m\u1ed9t tr\u00f2 ch\u01a1i tr\u01b0\u1ee3t ngang v\u00e0 c\u00e1c mini-game. Ph\u00e1t huy [&hellip;]<\/p>\n","protected":false},"featured_media":3418,"comment_status":"closed","ping_status":"closed","template":"","meta":{"site-sidebar-layout":"default","site-content-layout":"","ast-site-content-layout":"default","site-content-style":"default","site-sidebar-style":"default","ast-global-header-display":"","ast-banner-title-visibility":"","ast-main-header-display":"","ast-hfb-above-header-display":"","ast-hfb-below-header-display":"","ast-hfb-mobile-header-display":"","site-post-title":"","ast-breadcrumbs-content":"","ast-featured-img":"","footer-sml-layout":"","ast-disable-related-posts":"","theme-transparent-header-meta":"","adv-header-id-meta":"","stick-header-meta":"","header-above-stick-meta":"","header-main-stick-meta":"","header-below-stick-meta":"","astra-migrate-meta-layouts":"default","ast-page-background-enabled":"default","ast-page-background-meta":{"desktop":{"background-color":"","background-image":"","background-repeat":"repeat","background-position":"center center","background-size":"auto","background-attachment":"scroll","background-type":"","background-media":"","overlay-type":"","overlay-color":"","overlay-opacity":"","overlay-gradient":""},"tablet":{"background-color":"","background-image":"","background-repeat":"repeat","background-position":"center center","background-size":"auto","background-attachment":"scroll","background-type":"","background-media":"","overlay-type":"","overlay-color":"","overlay-opacity":"","overlay-gradient":""},"mobile":{"background-color":"","background-image":"","background-repeat":"repeat","background-position":"center center","background-size":"auto","background-attachment":"scroll","background-type":"","background-media":"","overlay-type":"","overlay-color":"","overlay-opacity":"","overlay-gradient":""}},"ast-content-background-meta":{"desktop":{"background-color":"var(--ast-global-color-4)","background-image":"","background-repeat":"repeat","background-position":"center center","background-size":"auto","background-attachment":"scroll","background-type":"","background-media":"","overlay-type":"","overlay-color":"","overlay-opacity":"","overlay-gradient":""},"tablet":{"background-color":"var(--ast-global-color-4)","background-image":"","background-repeat":"repeat","background-position":"center center","background-size":"auto","background-attachment":"scroll","background-type":"","background-media":"","overlay-type":"","overlay-color":"","overlay-opacity":"","overlay-gradient":""},"mobile":{"background-color":"var(--ast-global-color-4)","background-image":"","background-repeat":"repeat","background-position":"center center","background-size":"auto","background-attachment":"scroll","background-type":"","background-media":"","overlay-type":"","overlay-color":"","overlay-opacity":"","overlay-gradient":""}}},"product_brand":[],"product_cat":[136,121],"product_tag":[],"class_list":{"0":"post-3743","1":"product","2":"type-product","3":"status-publish","4":"has-post-thumbnail","6":"product_cat-dao-tao-ky-nang","7":"product_cat-ngon-ngu-va-ky-nang","8":"desktop-align-left","9":"tablet-align-left","10":"mobile-align-left","12":"first","13":"instock","14":"sale","15":"taxable","16":"shipping-taxable","17":"purchasable","18":"product-type-simple"},"_links":{"self":[{"href":"https:\/\/aikip.io\/en\/wp-json\/wp\/v2\/product\/3743","targetHints":{"allow":["GET"]}}],"collection":[{"href":"https:\/\/aikip.io\/en\/wp-json\/wp\/v2\/product"}],"about":[{"href":"https:\/\/aikip.io\/en\/wp-json\/wp\/v2\/types\/product"}],"replies":[{"embeddable":true,"href":"https:\/\/aikip.io\/en\/wp-json\/wp\/v2\/comments?post=3743"}],"wp:featuredmedia":[{"embeddable":true,"href":"https:\/\/aikip.io\/en\/wp-json\/wp\/v2\/media\/3418"}],"wp:attachment":[{"href":"https:\/\/aikip.io\/en\/wp-json\/wp\/v2\/media?parent=3743"}],"wp:term":[{"taxonomy":"product_brand","embeddable":true,"href":"https:\/\/aikip.io\/en\/wp-json\/wp\/v2\/product_brand?post=3743"},{"taxonomy":"product_cat","embeddable":true,"href":"https:\/\/aikip.io\/en\/wp-json\/wp\/v2\/product_cat?post=3743"},{"taxonomy":"product_tag","embeddable":true,"href":"https:\/\/aikip.io\/en\/wp-json\/wp\/v2\/product_tag?post=3743"}],"curies":[{"name":"wp","href":"https:\/\/api.w.org\/{rel}","templated":true}]}}