{"id":3738,"date":"2025-04-11T17:42:30","date_gmt":"2025-04-11T10:42:30","guid":{"rendered":"https:\/\/aikip.io\/product\/nha-phat-trien-game-buoc-dau-trong-phat-trien-game\/"},"modified":"2025-04-11T17:42:31","modified_gmt":"2025-04-11T10:42:31","slug":"nha-phat-trien-game-buoc-dau-trong-phat-trien-game","status":"publish","type":"product","link":"https:\/\/aikip.io\/en\/product\/nha-phat-trien-game-buoc-dau-trong-phat-trien-game\/","title":{"rendered":"Game Developer \u2013 First Steps in Game Development"},"content":{"rendered":"<p>This is the ideal introductory course to learning digital skills in the world of games and programming. Students will learn how to plan, design and develop their first web game using HTML, CSS and JavaScript. They will gain valuable skills such as planning, designing game assets and creating digital special effects.<\/p>","protected":false},"excerpt":{"rendered":"<p>\u0110\u00e2y l\u00e0 kh\u00f3a h\u1ecdc nh\u1eadp m\u00f4n l\u00fd t\u01b0\u1edfng \u0111\u1ec3 h\u1ecdc c\u00e1c k\u1ef9 n\u0103ng s\u1ed1 trong th\u1ebf gi\u1edbi tr\u00f2 ch\u01a1i v\u00e0 l\u1eadp tr\u00ecnh. H\u1ecdc vi\u00ean s\u1ebd h\u1ecdc c\u00e1ch l\u1eadp k\u1ebf ho\u1ea1ch, thi\u1ebft k\u1ebf v\u00e0 ph\u00e1t tri\u1ec3n tr\u00f2 ch\u01a1i web \u0111\u1ea7u ti\u00ean c\u1ee7a m\u00ecnh b\u1eb1ng HTML, CSS v\u00e0 JavaScript. H\u1ecd s\u1ebd thu nh\u1eadn \u0111\u01b0\u1ee3c nh\u1eefng k\u1ef9 n\u0103ng [&hellip;]<\/p>\n","protected":false},"featured_media":3414,"comment_status":"closed","ping_status":"closed","template":"","meta":{"site-sidebar-layout":"default","site-content-layout":"","ast-site-content-layout":"default","site-content-style":"default","site-sidebar-style":"default","ast-global-header-display":"","ast-banner-title-visibility":"","ast-main-header-display":"","ast-hfb-above-header-display":"","ast-hfb-below-header-display":"","ast-hfb-mobile-header-display":"","site-post-title":"","ast-breadcrumbs-content":"","ast-featured-img":"","footer-sml-layout":"","ast-disable-related-posts":"","theme-transparent-header-meta":"","adv-header-id-meta":"","stick-header-meta":"","header-above-stick-meta":"","header-main-stick-meta":"","header-below-stick-meta":"","astra-migrate-meta-layouts":"default","ast-page-background-enabled":"default","ast-page-background-meta":{"desktop":{"background-color":"","background-image":"","background-repeat":"repeat","background-position":"center center","background-size":"auto","background-attachment":"scroll","background-type":"","background-media":"","overlay-type":"","overlay-color":"","overlay-opacity":"","overlay-gradient":""},"tablet":{"background-color":"","background-image":"","background-repeat":"repeat","background-position":"center center","background-size":"auto","background-attachment":"scroll","background-type":"","background-media":"","overlay-type":"","overlay-color":"","overlay-opacity":"","overlay-gradient":""},"mobile":{"background-color":"","background-image":"","background-repeat":"repeat","background-position":"center center","background-size":"auto","background-attachment":"scroll","background-type":"","background-media":"","overlay-type":"","overlay-color":"","overlay-opacity":"","overlay-gradient":""}},"ast-content-background-meta":{"desktop":{"background-color":"var(--ast-global-color-4)","background-image":"","background-repeat":"repeat","background-position":"center center","background-size":"auto","background-attachment":"scroll","background-type":"","background-media":"","overlay-type":"","overlay-color":"","overlay-opacity":"","overlay-gradient":""},"tablet":{"background-color":"var(--ast-global-color-4)","background-image":"","background-repeat":"repeat","background-position":"center center","background-size":"auto","background-attachment":"scroll","background-type":"","background-media":"","overlay-type":"","overlay-color":"","overlay-opacity":"","overlay-gradient":""},"mobile":{"background-color":"var(--ast-global-color-4)","background-image":"","background-repeat":"repeat","background-position":"center center","background-size":"auto","background-attachment":"scroll","background-type":"","background-media":"","overlay-type":"","overlay-color":"","overlay-opacity":"","overlay-gradient":""}}},"product_brand":[],"product_cat":[136,121],"product_tag":[],"class_list":{"0":"post-3738","1":"product","2":"type-product","3":"status-publish","4":"has-post-thumbnail","6":"product_cat-dao-tao-ky-nang","7":"product_cat-ngon-ngu-va-ky-nang","8":"desktop-align-left","9":"tablet-align-left","10":"mobile-align-left","12":"first","13":"instock","14":"sale","15":"taxable","16":"shipping-taxable","17":"purchasable","18":"product-type-simple"},"_links":{"self":[{"href":"https:\/\/aikip.io\/en\/wp-json\/wp\/v2\/product\/3738","targetHints":{"allow":["GET"]}}],"collection":[{"href":"https:\/\/aikip.io\/en\/wp-json\/wp\/v2\/product"}],"about":[{"href":"https:\/\/aikip.io\/en\/wp-json\/wp\/v2\/types\/product"}],"replies":[{"embeddable":true,"href":"https:\/\/aikip.io\/en\/wp-json\/wp\/v2\/comments?post=3738"}],"wp:featuredmedia":[{"embeddable":true,"href":"https:\/\/aikip.io\/en\/wp-json\/wp\/v2\/media\/3414"}],"wp:attachment":[{"href":"https:\/\/aikip.io\/en\/wp-json\/wp\/v2\/media?parent=3738"}],"wp:term":[{"taxonomy":"product_brand","embeddable":true,"href":"https:\/\/aikip.io\/en\/wp-json\/wp\/v2\/product_brand?post=3738"},{"taxonomy":"product_cat","embeddable":true,"href":"https:\/\/aikip.io\/en\/wp-json\/wp\/v2\/product_cat?post=3738"},{"taxonomy":"product_tag","embeddable":true,"href":"https:\/\/aikip.io\/en\/wp-json\/wp\/v2\/product_tag?post=3738"}],"curies":[{"name":"wp","href":"https:\/\/api.w.org\/{rel}","templated":true}]}}