{"id":3737,"date":"2025-04-11T17:42:30","date_gmt":"2025-04-11T10:42:30","guid":{"rendered":"https:\/\/aikip.io\/product\/nha-phat-trien-game-nha-sang-tao-lap-trinh-thiet-ke-va-choi-game-arcade-cua-rieng-ban\/"},"modified":"2025-04-11T17:42:30","modified_gmt":"2025-04-11T10:42:30","slug":"nha-phat-trien-game-nha-sang-tao-lap-trinh-thiet-ke-va-choi-game-arcade-cua-rieng-ban","status":"publish","type":"product","link":"https:\/\/aikip.io\/en\/product\/nha-phat-trien-game-nha-sang-tao-lap-trinh-thiet-ke-va-choi-game-arcade-cua-rieng-ban\/","title":{"rendered":"Game Developer - Code Creator: Design and Play Your Own Arcade Games"},"content":{"rendered":"<p>Students will create their own unique arcade-style video games using Makecode Arcade, which they can play and share with friends and family. They will gain valuable computer science and creative problem-solving skills through designing their own arcade games. Makecode Arcade is a beginner-friendly game development platform that uses block-based coding to allow children to create their own video games and develop an understanding of game development principles and logical reasoning.<\/p>","protected":false},"excerpt":{"rendered":"<p>H\u1ecdc vi\u00ean s\u1ebd t\u1ef1 t\u1ea1o ra c\u00e1c tr\u00f2 ch\u01a1i video phong c\u00e1ch arcade \u0111\u1ed9c \u0111\u00e1o b\u1eb1ng Makecode Arcade, m\u00e0 h\u1ecd c\u00f3 th\u1ec3 ch\u01a1i v\u00e0 chia s\u1ebb v\u1edbi b\u1ea1n b\u00e8 v\u00e0 gia \u0111\u00ecnh. H\u1ecd s\u1ebd thu nh\u1eadn \u0111\u01b0\u1ee3c nh\u1eefng k\u1ef9 n\u0103ng qu\u00fd gi\u00e1 v\u1ec1 khoa h\u1ecdc m\u00e1y t\u00ednh v\u00e0 gi\u1ea3i quy\u1ebft v\u1ea5n \u0111\u1ec1 s\u00e1ng t\u1ea1o th\u00f4ng [&hellip;]<\/p>\n","protected":false},"featured_media":3415,"comment_status":"closed","ping_status":"closed","template":"","meta":{"site-sidebar-layout":"default","site-content-layout":"","ast-site-content-layout":"default","site-content-style":"default","site-sidebar-style":"default","ast-global-header-display":"","ast-banner-title-visibility":"","ast-main-header-display":"","ast-hfb-above-header-display":"","ast-hfb-below-header-display":"","ast-hfb-mobile-header-display":"","site-post-title":"","ast-breadcrumbs-content":"","ast-featured-img":"","footer-sml-layout":"","ast-disable-related-posts":"","theme-transparent-header-meta":"","adv-header-id-meta":"","stick-header-meta":"","header-above-stick-meta":"","header-main-stick-meta":"","header-below-stick-meta":"","astra-migrate-meta-layouts":"default","ast-page-background-enabled":"default","ast-page-background-meta":{"desktop":{"background-color":"","background-image":"","background-repeat":"repeat","background-position":"center center","background-size":"auto","background-attachment":"scroll","background-type":"","background-media":"","overlay-type":"","overlay-color":"","overlay-opacity":"","overlay-gradient":""},"tablet":{"background-color":"","background-image":"","background-repeat":"repeat","background-position":"center center","background-size":"auto","background-attachment":"scroll","background-type":"","background-media":"","overlay-type":"","overlay-color":"","overlay-opacity":"","overlay-gradient":""},"mobile":{"background-color":"","background-image":"","background-repeat":"repeat","background-position":"center center","background-size":"auto","background-attachment":"scroll","background-type":"","background-media":"","overlay-type":"","overlay-color":"","overlay-opacity":"","overlay-gradient":""}},"ast-content-background-meta":{"desktop":{"background-color":"var(--ast-global-color-4)","background-image":"","background-repeat":"repeat","background-position":"center center","background-size":"auto","background-attachment":"scroll","background-type":"","background-media":"","overlay-type":"","overlay-color":"","overlay-opacity":"","overlay-gradient":""},"tablet":{"background-color":"var(--ast-global-color-4)","background-image":"","background-repeat":"repeat","background-position":"center center","background-size":"auto","background-attachment":"scroll","background-type":"","background-media":"","overlay-type":"","overlay-color":"","overlay-opacity":"","overlay-gradient":""},"mobile":{"background-color":"var(--ast-global-color-4)","background-image":"","background-repeat":"repeat","background-position":"center center","background-size":"auto","background-attachment":"scroll","background-type":"","background-media":"","overlay-type":"","overlay-color":"","overlay-opacity":"","overlay-gradient":""}}},"product_brand":[],"product_cat":[136,121],"product_tag":[],"class_list":{"0":"post-3737","1":"product","2":"type-product","3":"status-publish","4":"has-post-thumbnail","6":"product_cat-dao-tao-ky-nang","7":"product_cat-ngon-ngu-va-ky-nang","8":"desktop-align-left","9":"tablet-align-left","10":"mobile-align-left","12":"first","13":"instock","14":"sale","15":"taxable","16":"shipping-taxable","17":"purchasable","18":"product-type-simple"},"_links":{"self":[{"href":"https:\/\/aikip.io\/en\/wp-json\/wp\/v2\/product\/3737","targetHints":{"allow":["GET"]}}],"collection":[{"href":"https:\/\/aikip.io\/en\/wp-json\/wp\/v2\/product"}],"about":[{"href":"https:\/\/aikip.io\/en\/wp-json\/wp\/v2\/types\/product"}],"replies":[{"embeddable":true,"href":"https:\/\/aikip.io\/en\/wp-json\/wp\/v2\/comments?post=3737"}],"wp:featuredmedia":[{"embeddable":true,"href":"https:\/\/aikip.io\/en\/wp-json\/wp\/v2\/media\/3415"}],"wp:attachment":[{"href":"https:\/\/aikip.io\/en\/wp-json\/wp\/v2\/media?parent=3737"}],"wp:term":[{"taxonomy":"product_brand","embeddable":true,"href":"https:\/\/aikip.io\/en\/wp-json\/wp\/v2\/product_brand?post=3737"},{"taxonomy":"product_cat","embeddable":true,"href":"https:\/\/aikip.io\/en\/wp-json\/wp\/v2\/product_cat?post=3737"},{"taxonomy":"product_tag","embeddable":true,"href":"https:\/\/aikip.io\/en\/wp-json\/wp\/v2\/product_tag?post=3737"}],"curies":[{"name":"wp","href":"https:\/\/api.w.org\/{rel}","templated":true}]}}