{"id":3733,"date":"2025-04-11T17:42:27","date_gmt":"2025-04-11T10:42:27","guid":{"rendered":"https:\/\/aikip.io\/product\/phat-trien-web-gioi-thieu-ve-xay-dung-the-gioi-3d\/"},"modified":"2025-04-11T17:42:27","modified_gmt":"2025-04-11T10:42:27","slug":"phat-trien-web-gioi-thieu-ve-xay-dung-the-gioi-3d","status":"publish","type":"product","link":"https:\/\/aikip.io\/en\/product\/phat-trien-web-gioi-thieu-ve-xay-dung-the-gioi-3d\/","title":{"rendered":"Web Development \u2013 Introduction to Building 3D Worlds"},"content":{"rendered":"<p>In this comprehensive course, we will explore the fascinating world of 3D programming. Students will be taught the fundamentals of Three.js, a powerful JavaScript library for creating interactive 3D graphics on the web. Whether you are a web developer, designer, or 3D web graphics enthusiast, this course will provide you with the knowledge and practical skills to start building your own 3D experiences. By the end of the course, students will have a solid foundation in Three.js and be able to create interactive 3D graphics on the web. You will have the skills to continue exploring advanced topics and build more complex projects with Three.js.<\/p>","protected":false},"excerpt":{"rendered":"<p>Trong kh\u00f3a h\u1ecdc to\u00e0n di\u1ec7n n\u00e0y, ch\u00fang ta s\u1ebd kh\u00e1m ph\u00e1 th\u1ebf gi\u1edbi l\u1eadp tr\u00ecnh 3D \u0111\u1ea7y h\u1ea5p d\u1eabn. H\u1ecdc vi\u00ean s\u1ebd \u0111\u01b0\u1ee3c gi\u1ea3ng d\u1ea1y c\u00e1c nguy\u00ean t\u1eafc c\u01a1 b\u1ea3n c\u1ee7a Three.js, m\u1ed9t th\u01b0 vi\u1ec7n JavaScript m\u1ea1nh m\u1ebd cho vi\u1ec7c t\u1ea1o \u0111\u1ed3 h\u1ecda 3D t\u01b0\u01a1ng t\u00e1c tr\u00ean web. D\u00f9 b\u1ea1n l\u00e0 nh\u00e0 ph\u00e1t tri\u1ec3n web, [&hellip;]<\/p>\n","protected":false},"featured_media":3423,"comment_status":"closed","ping_status":"closed","template":"","meta":{"site-sidebar-layout":"default","site-content-layout":"","ast-site-content-layout":"default","site-content-style":"default","site-sidebar-style":"default","ast-global-header-display":"","ast-banner-title-visibility":"","ast-main-header-display":"","ast-hfb-above-header-display":"","ast-hfb-below-header-display":"","ast-hfb-mobile-header-display":"","site-post-title":"","ast-breadcrumbs-content":"","ast-featured-img":"","footer-sml-layout":"","ast-disable-related-posts":"","theme-transparent-header-meta":"","adv-header-id-meta":"","stick-header-meta":"","header-above-stick-meta":"","header-main-stick-meta":"","header-below-stick-meta":"","astra-migrate-meta-layouts":"default","ast-page-background-enabled":"default","ast-page-background-meta":{"desktop":{"background-color":"","background-image":"","background-repeat":"repeat","background-position":"center center","background-size":"auto","background-attachment":"scroll","background-type":"","background-media":"","overlay-type":"","overlay-color":"","overlay-opacity":"","overlay-gradient":""},"tablet":{"background-color":"","background-image":"","background-repeat":"repeat","background-position":"center center","background-size":"auto","background-attachment":"scroll","background-type":"","background-media":"","overlay-type":"","overlay-color":"","overlay-opacity":"","overlay-gradient":""},"mobile":{"background-color":"","background-image":"","background-repeat":"repeat","background-position":"center center","background-size":"auto","background-attachment":"scroll","background-type":"","background-media":"","overlay-type":"","overlay-color":"","overlay-opacity":"","overlay-gradient":""}},"ast-content-background-meta":{"desktop":{"background-color":"var(--ast-global-color-4)","background-image":"","background-repeat":"repeat","background-position":"center center","background-size":"auto","background-attachment":"scroll","background-type":"","background-media":"","overlay-type":"","overlay-color":"","overlay-opacity":"","overlay-gradient":""},"tablet":{"background-color":"var(--ast-global-color-4)","background-image":"","background-repeat":"repeat","background-position":"center center","background-size":"auto","background-attachment":"scroll","background-type":"","background-media":"","overlay-type":"","overlay-color":"","overlay-opacity":"","overlay-gradient":""},"mobile":{"background-color":"var(--ast-global-color-4)","background-image":"","background-repeat":"repeat","background-position":"center center","background-size":"auto","background-attachment":"scroll","background-type":"","background-media":"","overlay-type":"","overlay-color":"","overlay-opacity":"","overlay-gradient":""}}},"product_brand":[],"product_cat":[136,121],"product_tag":[],"class_list":{"0":"post-3733","1":"product","2":"type-product","3":"status-publish","4":"has-post-thumbnail","6":"product_cat-dao-tao-ky-nang","7":"product_cat-ngon-ngu-va-ky-nang","8":"desktop-align-left","9":"tablet-align-left","10":"mobile-align-left","12":"first","13":"instock","14":"sale","15":"taxable","16":"shipping-taxable","17":"purchasable","18":"product-type-simple"},"_links":{"self":[{"href":"https:\/\/aikip.io\/en\/wp-json\/wp\/v2\/product\/3733","targetHints":{"allow":["GET"]}}],"collection":[{"href":"https:\/\/aikip.io\/en\/wp-json\/wp\/v2\/product"}],"about":[{"href":"https:\/\/aikip.io\/en\/wp-json\/wp\/v2\/types\/product"}],"replies":[{"embeddable":true,"href":"https:\/\/aikip.io\/en\/wp-json\/wp\/v2\/comments?post=3733"}],"wp:featuredmedia":[{"embeddable":true,"href":"https:\/\/aikip.io\/en\/wp-json\/wp\/v2\/media\/3423"}],"wp:attachment":[{"href":"https:\/\/aikip.io\/en\/wp-json\/wp\/v2\/media?parent=3733"}],"wp:term":[{"taxonomy":"product_brand","embeddable":true,"href":"https:\/\/aikip.io\/en\/wp-json\/wp\/v2\/product_brand?post=3733"},{"taxonomy":"product_cat","embeddable":true,"href":"https:\/\/aikip.io\/en\/wp-json\/wp\/v2\/product_cat?post=3733"},{"taxonomy":"product_tag","embeddable":true,"href":"https:\/\/aikip.io\/en\/wp-json\/wp\/v2\/product_tag?post=3733"}],"curies":[{"name":"wp","href":"https:\/\/api.w.org\/{rel}","templated":true}]}}