{"id":3732,"date":"2025-04-11T17:42:26","date_gmt":"2025-04-11T10:42:26","guid":{"rendered":"https:\/\/aikip.io\/product\/phat-trien-ung-dung-nha-phat-trien-game-di-dong\/"},"modified":"2025-04-11T17:42:27","modified_gmt":"2025-04-11T10:42:27","slug":"phat-trien-ung-dung-nha-phat-trien-game-di-dong","status":"publish","type":"product","link":"https:\/\/aikip.io\/en\/product\/phat-trien-ung-dung-nha-phat-trien-game-di-dong\/","title":{"rendered":"App Development \u2013 Mobile Game Developer"},"content":{"rendered":"<p>In this intermediate course, students will learn how to use HTML, CSS, and JavaScript to create games that can be played on both desktop and mobile devices. The course is intended for students who already have a basic understanding of HTML, CSS, and JavaScript. Using the BSD online learning platform, students will create five different games \u2014 a platformer, a trac game, a Nonogram puzzle game, a fighting game, and a jumping game. Students will develop basic programming skills, learn about game development and design, and explore how to further customize their projects. By the end of the course, students will have completed a technology portfolio and be able to use their new skills to move on to more complex projects in the future.<\/p>","protected":false},"excerpt":{"rendered":"<p>Trong kh\u00f3a h\u1ecdc trung c\u1ea5p n\u00e0y, h\u1ecdc vi\u00ean s\u1ebd h\u1ecdc c\u00e1ch s\u1eed d\u1ee5ng HTML, CSS v\u00e0 JavaScript \u0111\u1ec3 t\u1ea1o ra c\u00e1c tr\u00f2 ch\u01a1i c\u00f3 th\u1ec3 ch\u01a1i tr\u00ean c\u1ea3 m\u00e1y t\u00ednh v\u00e0 thi\u1ebft b\u1ecb di \u0111\u1ed9ng. Kh\u00f3a h\u1ecdc d\u00e0nh cho nh\u1eefng h\u1ecdc vi\u00ean \u0111\u00e3 c\u00f3 ki\u1ebfn th\u1ee9c c\u01a1 b\u1ea3n v\u1ec1 HTML, CSS v\u00e0 JavaScript. S\u1eed d\u1ee5ng [&hellip;]<\/p>\n","protected":false},"featured_media":3422,"comment_status":"closed","ping_status":"closed","template":"","meta":{"site-sidebar-layout":"default","site-content-layout":"","ast-site-content-layout":"default","site-content-style":"default","site-sidebar-style":"default","ast-global-header-display":"","ast-banner-title-visibility":"","ast-main-header-display":"","ast-hfb-above-header-display":"","ast-hfb-below-header-display":"","ast-hfb-mobile-header-display":"","site-post-title":"","ast-breadcrumbs-content":"","ast-featured-img":"","footer-sml-layout":"","ast-disable-related-posts":"","theme-transparent-header-meta":"","adv-header-id-meta":"","stick-header-meta":"","header-above-stick-meta":"","header-main-stick-meta":"","header-below-stick-meta":"","astra-migrate-meta-layouts":"default","ast-page-background-enabled":"default","ast-page-background-meta":{"desktop":{"background-color":"","background-image":"","background-repeat":"repeat","background-position":"center center","background-size":"auto","background-attachment":"scroll","background-type":"","background-media":"","overlay-type":"","overlay-color":"","overlay-opacity":"","overlay-gradient":""},"tablet":{"background-color":"","background-image":"","background-repeat":"repeat","background-position":"center center","background-size":"auto","background-attachment":"scroll","background-type":"","background-media":"","overlay-type":"","overlay-color":"","overlay-opacity":"","overlay-gradient":""},"mobile":{"background-color":"","background-image":"","background-repeat":"repeat","background-position":"center center","background-size":"auto","background-attachment":"scroll","background-type":"","background-media":"","overlay-type":"","overlay-color":"","overlay-opacity":"","overlay-gradient":""}},"ast-content-background-meta":{"desktop":{"background-color":"var(--ast-global-color-4)","background-image":"","background-repeat":"repeat","background-position":"center center","background-size":"auto","background-attachment":"scroll","background-type":"","background-media":"","overlay-type":"","overlay-color":"","overlay-opacity":"","overlay-gradient":""},"tablet":{"background-color":"var(--ast-global-color-4)","background-image":"","background-repeat":"repeat","background-position":"center center","background-size":"auto","background-attachment":"scroll","background-type":"","background-media":"","overlay-type":"","overlay-color":"","overlay-opacity":"","overlay-gradient":""},"mobile":{"background-color":"var(--ast-global-color-4)","background-image":"","background-repeat":"repeat","background-position":"center center","background-size":"auto","background-attachment":"scroll","background-type":"","background-media":"","overlay-type":"","overlay-color":"","overlay-opacity":"","overlay-gradient":""}}},"product_brand":[],"product_cat":[136,121],"product_tag":[],"class_list":{"0":"post-3732","1":"product","2":"type-product","3":"status-publish","4":"has-post-thumbnail","6":"product_cat-dao-tao-ky-nang","7":"product_cat-ngon-ngu-va-ky-nang","8":"desktop-align-left","9":"tablet-align-left","10":"mobile-align-left","12":"first","13":"instock","14":"sale","15":"taxable","16":"shipping-taxable","17":"purchasable","18":"product-type-simple"},"_links":{"self":[{"href":"https:\/\/aikip.io\/en\/wp-json\/wp\/v2\/product\/3732","targetHints":{"allow":["GET"]}}],"collection":[{"href":"https:\/\/aikip.io\/en\/wp-json\/wp\/v2\/product"}],"about":[{"href":"https:\/\/aikip.io\/en\/wp-json\/wp\/v2\/types\/product"}],"replies":[{"embeddable":true,"href":"https:\/\/aikip.io\/en\/wp-json\/wp\/v2\/comments?post=3732"}],"wp:featuredmedia":[{"embeddable":true,"href":"https:\/\/aikip.io\/en\/wp-json\/wp\/v2\/media\/3422"}],"wp:attachment":[{"href":"https:\/\/aikip.io\/en\/wp-json\/wp\/v2\/media?parent=3732"}],"wp:term":[{"taxonomy":"product_brand","embeddable":true,"href":"https:\/\/aikip.io\/en\/wp-json\/wp\/v2\/product_brand?post=3732"},{"taxonomy":"product_cat","embeddable":true,"href":"https:\/\/aikip.io\/en\/wp-json\/wp\/v2\/product_cat?post=3732"},{"taxonomy":"product_tag","embeddable":true,"href":"https:\/\/aikip.io\/en\/wp-json\/wp\/v2\/product_tag?post=3732"}],"curies":[{"name":"wp","href":"https:\/\/api.w.org\/{rel}","templated":true}]}}