{"id":2381,"date":"2025-01-06T16:50:18","date_gmt":"2025-01-06T09:50:18","guid":{"rendered":"https:\/\/aikip.hybridco.ca\/product\/tu-hoc-tieng-trung-tu-co-ban-den-nang-cao\/"},"modified":"2025-04-11T17:38:23","modified_gmt":"2025-04-11T10:38:23","slug":"tu-hoc-tieng-trung-tu-co-ban-den-nang-cao","status":"publish","type":"product","link":"https:\/\/aikip.io\/en\/product\/tu-hoc-tieng-trung-tu-co-ban-den-nang-cao\/","title":{"rendered":"Chinese in Action: Real-World Learning"},"content":{"rendered":"<p>Lingua Attack is a modern language learning platform that offers courses and learning resources based on real-life videos from popular movies and TV series, trending music videos, TV news and documentaries, interactive games and multimedia content. The platform is designed to help learners develop comprehensive language skills, including vocabulary, grammar, pronunciation and communication skills in real-life contexts. <\/p>\n<p>Lingua Attack&#039;s Chinese courses are designed to meet the needs of learners at all levels, from beginners to advanced learners. They are ideal for students, working professionals or those who want to explore Chinese culture.<\/p>\n<p>Course highlights:<br \/>\n\t1. Realistic and Interactive Video:<br \/>\n\t\u2022 Lessons use real videos from movies, TV shows and everyday communication situations, helping learners approach Chinese in real-life contexts.<br \/>\n\t\u2022 Accompanying exercises help reinforce listening comprehension, pronunciation and vocabulary skills.<br \/>\n\t2. Learning Games:<br \/>\n\t\u2022 Interactive games help learners practice vocabulary, grammar and language reflexes naturally.<br \/>\n\t\u2022 Learning through games is both fun and improves memory.<br \/>\n\t3. Practice Real-Life Context:<br \/>\n\t\u2022 Lessons are designed based on common communication situations such as greetings, shopping, travel, and work.<br \/>\n\t\u2022 Help learners confidently apply Chinese in daily life.<br \/>\n\t4. Pronunciation Practice:<br \/>\n\t\u2022 Pronunciation practice tool helps learners get familiar with the Chinese tone system, ensuring standard and natural pronunciation.<br \/>\n\t5. Personalize Your Learning Path:<br \/>\n\t\u2022 Choose content and level that suits your personal goals, from basic to advanced communication.<br \/>\n\t\u2022 Lessons provide insights into Chinese culture, from food, customs, to popular idioms.<br \/>\n\t6. Diverse Topics:<br \/>\n\t\u2022 Includes vocabulary, grammar, communication skills, and specific content such as Chinese writing, the Pinyin system, and Chinese culture.<\/p>\n<p>Benefits of the course:<br \/>\n\t\u2022 Intuitive and vivid learning method helps learners progress quickly.<br \/>\n\t\u2022 Flexible and convenient with the ability to learn anytime, anywhere via online platforms.<br \/>\n\t\u2022 Meet the needs of all audiences, from students to working people or those who love the Chinese language.<\/p>\n<p>The Chinese course on Lingua Attack not only helps learners master the language but also explore the rich and unique culture of China, thereby confidently communicating and working in an international environment.<\/p>\n<p>Number of learning contents:<br \/>\nVideo Booster:<br \/>\n\u2013 Movie (5 videos)<br \/>\n\u2013 TV Series (95 videos)<br \/>\n\u2013 Music (12 videos)<br \/>\n\u2013 New &amp; Society (49 videos)<br \/>\n\u2013 Leisure (20 videos)<\/p>\n<p>SkillBooster:<br \/>\n\u2013 Communicating While Traveling (4 videos)<br \/>\n\u2013 Getting a Job (4 videos)<br \/>\n\u2013 Communicating in Business (7 videos)<br \/>\n\u2013 Welcoming Visitors (5 videos)<br \/>\n\u2013 Getting Your Message Across (6 videos)<br \/>\n\u2013 Getting Everyday Things Done (7 videos)<\/p>","protected":false},"excerpt":{"rendered":"<p>Lingua Attack l\u00e0 m\u1ed9t n\u1ec1n t\u1ea3ng h\u1ecdc ng\u00f4n ng\u1eef hi\u1ec7n \u0111\u1ea1i, cung c\u1ea5p c\u00e1c kh\u00f3a h\u1ecdc v\u00e0 t\u00e0i nguy\u00ean h\u1ecdc t\u1eadp d\u1ef1a tr\u00ean video th\u1ef1c t\u1ebf t\u1eeb c\u00e1c b\u1ed9 phim n\u1ed5i ti\u1ebfng v\u00e0 series truy\u1ec1n h\u00ecnh, video nh\u1ea1c hot trend, tin t\u1ee9c truy\u1ec1n h\u00ecnh v\u00e0 t\u00e0i li\u1ec7u., tr\u00f2 ch\u01a1i t\u01b0\u01a1ng t\u00e1c v\u00e0 n\u1ed9i dung \u0111a [&hellip;]<\/p>\n","protected":false},"featured_media":3108,"comment_status":"closed","ping_status":"closed","template":"","meta":{"site-sidebar-layout":"default","site-content-layout":"","ast-site-content-layout":"default","site-content-style":"default","site-sidebar-style":"default","ast-global-header-display":"","ast-banner-title-visibility":"","ast-main-header-display":"","ast-hfb-above-header-display":"","ast-hfb-below-header-display":"","ast-hfb-mobile-header-display":"","site-post-title":"","ast-breadcrumbs-content":"","ast-featured-img":"","footer-sml-layout":"","ast-disable-related-posts":"","theme-transparent-header-meta":"","adv-header-id-meta":"","stick-header-meta":"","header-above-stick-meta":"","header-main-stick-meta":"","header-below-stick-meta":"","astra-migrate-meta-layouts":"default","ast-page-background-enabled":"default","ast-page-background-meta":{"desktop":{"background-color":"","background-image":"","background-repeat":"repeat","background-position":"center center","background-size":"auto","background-attachment":"scroll","background-type":"","background-media":"","overlay-type":"","overlay-color":"","overlay-opacity":"","overlay-gradient":""},"tablet":{"background-color":"","background-image":"","background-repeat":"repeat","background-position":"center center","background-size":"auto","background-attachment":"scroll","background-type":"","background-media":"","overlay-type":"","overlay-color":"","overlay-opacity":"","overlay-gradient":""},"mobile":{"background-color":"","background-image":"","background-repeat":"repeat","background-position":"center center","background-size":"auto","background-attachment":"scroll","background-type":"","background-media":"","overlay-type":"","overlay-color":"","overlay-opacity":"","overlay-gradient":""}},"ast-content-background-meta":{"desktop":{"background-color":"var(--ast-global-color-4)","background-image":"","background-repeat":"repeat","background-position":"center center","background-size":"auto","background-attachment":"scroll","background-type":"","background-media":"","overlay-type":"","overlay-color":"","overlay-opacity":"","overlay-gradient":""},"tablet":{"background-color":"var(--ast-global-color-4)","background-image":"","background-repeat":"repeat","background-position":"center center","background-size":"auto","background-attachment":"scroll","background-type":"","background-media":"","overlay-type":"","overlay-color":"","overlay-opacity":"","overlay-gradient":""},"mobile":{"background-color":"var(--ast-global-color-4)","background-image":"","background-repeat":"repeat","background-position":"center center","background-size":"auto","background-attachment":"scroll","background-type":"","background-media":"","overlay-type":"","overlay-color":"","overlay-opacity":"","overlay-gradient":""}}},"product_brand":[],"product_cat":[121],"product_tag":[],"class_list":{"0":"post-2381","1":"product","2":"type-product","3":"status-publish","4":"has-post-thumbnail","6":"product_cat-ngon-ngu-va-ky-nang","7":"desktop-align-left","8":"tablet-align-left","9":"mobile-align-left","11":"first","12":"instock","13":"sale","14":"taxable","15":"shipping-taxable","16":"purchasable","17":"product-type-simple"},"_links":{"self":[{"href":"https:\/\/aikip.io\/en\/wp-json\/wp\/v2\/product\/2381","targetHints":{"allow":["GET"]}}],"collection":[{"href":"https:\/\/aikip.io\/en\/wp-json\/wp\/v2\/product"}],"about":[{"href":"https:\/\/aikip.io\/en\/wp-json\/wp\/v2\/types\/product"}],"replies":[{"embeddable":true,"href":"https:\/\/aikip.io\/en\/wp-json\/wp\/v2\/comments?post=2381"}],"wp:featuredmedia":[{"embeddable":true,"href":"https:\/\/aikip.io\/en\/wp-json\/wp\/v2\/media\/3108"}],"wp:attachment":[{"href":"https:\/\/aikip.io\/en\/wp-json\/wp\/v2\/media?parent=2381"}],"wp:term":[{"taxonomy":"product_brand","embeddable":true,"href":"https:\/\/aikip.io\/en\/wp-json\/wp\/v2\/product_brand?post=2381"},{"taxonomy":"product_cat","embeddable":true,"href":"https:\/\/aikip.io\/en\/wp-json\/wp\/v2\/product_cat?post=2381"},{"taxonomy":"product_tag","embeddable":true,"href":"https:\/\/aikip.io\/en\/wp-json\/wp\/v2\/product_tag?post=2381"}],"curies":[{"name":"wp","href":"https:\/\/api.w.org\/{rel}","templated":true}]}}