{"id":2380,"date":"2025-01-06T16:50:17","date_gmt":"2025-01-06T09:50:17","guid":{"rendered":"https:\/\/aikip.hybridco.ca\/product\/tu-hoc-tieng-bo-dao-nha-tu-co-ban-den-nang-cao\/"},"modified":"2025-04-11T17:38:22","modified_gmt":"2025-04-11T10:38:22","slug":"tu-hoc-tieng-bo-dao-nha-tu-co-ban-den-nang-cao","status":"publish","type":"product","link":"https:\/\/aikip.io\/en\/product\/tu-hoc-tieng-bo-dao-nha-tu-co-ban-den-nang-cao\/","title":{"rendered":"Portuguese in Action: Real-World Learning"},"content":{"rendered":"<p>Lingua Attack is a modern language learning platform that offers courses and learning resources based on real-life videos from popular movies and TV series, trending music videos, TV news and documentaries, interactive games and multimedia content. The platform is designed to help learners develop comprehensive language skills, including vocabulary, grammar, pronunciation and communication skills in real-life contexts. <\/p>\n<p>Lingua Attack&#039;s Portuguese course is designed for all learners, from beginners to advanced learners, with the following outstanding features:<br \/>\n        1. Interactive Video:<br \/>\n        \u2022 Use real videos from movies, TV shows, and news to provide authentic language context.<br \/>\n        \u2022 Exercises accompanying the videos help learners improve their listening, vocabulary and pronunciation skills naturally.<br \/>\n        2. Learning Games:<br \/>\n        \u2022 Many interactive games help reinforce vocabulary, grammar and memorization.<br \/>\n        \u2022 These activities create excitement and make learning easier.<br \/>\n        3. Practice Real-Life Context:<br \/>\n        \u2022 Lessons focus on common communication situations such as travel, work, study and everyday life.<br \/>\n        \u2022 Learners are equipped with the knowledge to confidently use Portuguese in real life.<br \/>\n        4. Improve Pronunciation:<br \/>\n        \u2022 Modern pronunciation tools provide detailed feedback, helping learners speak Portuguese more naturally and accurately.<br \/>\n        5. Personalized Learning Path:<br \/>\n        \u2022 Flexible courses with topics and levels of study tailored to individual needs and goals.<br \/>\n        \u2022 Lessons include cultural aspects specific to Portugal and Portuguese-speaking countries such as Brazil.<br \/>\n        6. Diverse Content:<br \/>\n        \u2022 Includes basic vocabulary, grammar, common conversational phrases, and topics on culture, travel, music, and cuisine.<\/p>\n<p>Course Benefits:<br \/>\n        \u2022 Learn Portuguese in a fun, effective and memorable way.<br \/>\n        \u2022 Suitable for students, working people, or people who love Portuguese language and culture.<br \/>\n        \u2022 Convenient with the ability to study online anytime, anywhere.<\/p>\n<p>Lingua Attack&#039;s Portuguese courses not only help learners build language skills, but also open doors to explore the rich culture of the Portuguese-speaking world.<\/p>\n<p>Number of learning contents:<br \/>\nVideo Booster:<br \/>\n\u2013 Movie (16 videos)<br \/>\n\u2013 TV Series (82 videos)<br \/>\n\u2013 Music (23 videos)<br \/>\n\u2013 New &amp; Society (82 videos)<br \/>\n\u2013 Leisure (11 videos)<\/p>\n<p>SkillBooster:<br \/>\n\u2013 Communicating While Traveling (6 videos)<br \/>\n\u2013 Getting a Job (4 videos)<br \/>\n\u2013 Communicating in Business (4 videos)<br \/>\n\u2013 Welcoming Visitors (5 videos)<br \/>\n\u2013 Getting Your Message Across (9 videos)<br \/>\n\u2013 Getting Everyday Things Done (5 videos)<\/p>","protected":false},"excerpt":{"rendered":"<p>Lingua Attack l\u00e0 m\u1ed9t n\u1ec1n t\u1ea3ng h\u1ecdc ng\u00f4n ng\u1eef hi\u1ec7n \u0111\u1ea1i, cung c\u1ea5p c\u00e1c kh\u00f3a h\u1ecdc v\u00e0 t\u00e0i nguy\u00ean h\u1ecdc t\u1eadp d\u1ef1a tr\u00ean video th\u1ef1c t\u1ebf t\u1eeb c\u00e1c b\u1ed9 phim n\u1ed5i ti\u1ebfng v\u00e0 series truy\u1ec1n h\u00ecnh, video nh\u1ea1c hot trend, tin t\u1ee9c truy\u1ec1n h\u00ecnh v\u00e0 t\u00e0i li\u1ec7u., tr\u00f2 ch\u01a1i t\u01b0\u01a1ng t\u00e1c v\u00e0 n\u1ed9i dung \u0111a [&hellip;]<\/p>\n","protected":false},"featured_media":3112,"comment_status":"closed","ping_status":"closed","template":"","meta":{"site-sidebar-layout":"default","site-content-layout":"","ast-site-content-layout":"default","site-content-style":"default","site-sidebar-style":"default","ast-global-header-display":"","ast-banner-title-visibility":"","ast-main-header-display":"","ast-hfb-above-header-display":"","ast-hfb-below-header-display":"","ast-hfb-mobile-header-display":"","site-post-title":"","ast-breadcrumbs-content":"","ast-featured-img":"","footer-sml-layout":"","ast-disable-related-posts":"","theme-transparent-header-meta":"","adv-header-id-meta":"","stick-header-meta":"","header-above-stick-meta":"","header-main-stick-meta":"","header-below-stick-meta":"","astra-migrate-meta-layouts":"default","ast-page-background-enabled":"default","ast-page-background-meta":{"desktop":{"background-color":"","background-image":"","background-repeat":"repeat","background-position":"center center","background-size":"auto","background-attachment":"scroll","background-type":"","background-media":"","overlay-type":"","overlay-color":"","overlay-opacity":"","overlay-gradient":""},"tablet":{"background-color":"","background-image":"","background-repeat":"repeat","background-position":"center center","background-size":"auto","background-attachment":"scroll","background-type":"","background-media":"","overlay-type":"","overlay-color":"","overlay-opacity":"","overlay-gradient":""},"mobile":{"background-color":"","background-image":"","background-repeat":"repeat","background-position":"center center","background-size":"auto","background-attachment":"scroll","background-type":"","background-media":"","overlay-type":"","overlay-color":"","overlay-opacity":"","overlay-gradient":""}},"ast-content-background-meta":{"desktop":{"background-color":"var(--ast-global-color-4)","background-image":"","background-repeat":"repeat","background-position":"center center","background-size":"auto","background-attachment":"scroll","background-type":"","background-media":"","overlay-type":"","overlay-color":"","overlay-opacity":"","overlay-gradient":""},"tablet":{"background-color":"var(--ast-global-color-4)","background-image":"","background-repeat":"repeat","background-position":"center center","background-size":"auto","background-attachment":"scroll","background-type":"","background-media":"","overlay-type":"","overlay-color":"","overlay-opacity":"","overlay-gradient":""},"mobile":{"background-color":"var(--ast-global-color-4)","background-image":"","background-repeat":"repeat","background-position":"center center","background-size":"auto","background-attachment":"scroll","background-type":"","background-media":"","overlay-type":"","overlay-color":"","overlay-opacity":"","overlay-gradient":""}}},"product_brand":[],"product_cat":[121],"product_tag":[],"class_list":{"0":"post-2380","1":"product","2":"type-product","3":"status-publish","4":"has-post-thumbnail","6":"product_cat-ngon-ngu-va-ky-nang","7":"desktop-align-left","8":"tablet-align-left","9":"mobile-align-left","11":"first","12":"instock","13":"sale","14":"taxable","15":"shipping-taxable","16":"purchasable","17":"product-type-simple"},"_links":{"self":[{"href":"https:\/\/aikip.io\/en\/wp-json\/wp\/v2\/product\/2380","targetHints":{"allow":["GET"]}}],"collection":[{"href":"https:\/\/aikip.io\/en\/wp-json\/wp\/v2\/product"}],"about":[{"href":"https:\/\/aikip.io\/en\/wp-json\/wp\/v2\/types\/product"}],"replies":[{"embeddable":true,"href":"https:\/\/aikip.io\/en\/wp-json\/wp\/v2\/comments?post=2380"}],"wp:featuredmedia":[{"embeddable":true,"href":"https:\/\/aikip.io\/en\/wp-json\/wp\/v2\/media\/3112"}],"wp:attachment":[{"href":"https:\/\/aikip.io\/en\/wp-json\/wp\/v2\/media?parent=2380"}],"wp:term":[{"taxonomy":"product_brand","embeddable":true,"href":"https:\/\/aikip.io\/en\/wp-json\/wp\/v2\/product_brand?post=2380"},{"taxonomy":"product_cat","embeddable":true,"href":"https:\/\/aikip.io\/en\/wp-json\/wp\/v2\/product_cat?post=2380"},{"taxonomy":"product_tag","embeddable":true,"href":"https:\/\/aikip.io\/en\/wp-json\/wp\/v2\/product_tag?post=2380"}],"curies":[{"name":"wp","href":"https:\/\/api.w.org\/{rel}","templated":true}]}}