{"id":2379,"date":"2025-01-06T16:50:16","date_gmt":"2025-01-06T09:50:16","guid":{"rendered":"https:\/\/aikip.hybridco.ca\/product\/tu-hoc-tieng-tay-ban-nha-tu-co-ban-den-nang-cao\/"},"modified":"2025-04-11T17:38:22","modified_gmt":"2025-04-11T10:38:22","slug":"tu-hoc-tieng-tay-ban-nha-tu-co-ban-den-nang-cao","status":"publish","type":"product","link":"https:\/\/aikip.io\/en\/product\/tu-hoc-tieng-tay-ban-nha-tu-co-ban-den-nang-cao\/","title":{"rendered":"Spanish in Action: Real-World Learning"},"content":{"rendered":"<p>Lingua Attack is a modern language learning platform that offers courses and learning resources based on real-life videos from popular movies and TV series, trending music videos, TV news and documentaries, interactive games and multimedia content. The platform is designed to help learners develop comprehensive language skills, including vocabulary, grammar, pronunciation and communication skills in real-life contexts. <\/p>\n<p>Lingua Attack&#039;s Spanish course is designed to provide a fun and effective learning experience for everyone, from beginners to advanced learners. Some of the course highlights include:<br \/>\n        1. Actual Video:<br \/>\n        \u2022 Uses videos from movies, TV shows, and news in Spanish, exposing learners to the language in real-life situations.<br \/>\n        \u2022 Lessons include interactive exercises that help develop listening comprehension and vocabulary usage.<br \/>\n        2. Learning Games:<br \/>\n        \u2022 Many fun and interactive games help learners practice vocabulary, grammar and language reflex skills naturally.<br \/>\n        \u2022 Learning through games creates excitement and increases memory efficiency.<br \/>\n        3. Real-life Context:<br \/>\n        \u2022 Lessons are designed based on common communication situations such as travel, work, or everyday conversations.<br \/>\n        \u2022 Helps learners confidently use Spanish in real-life situations.<br \/>\n        4. Practice Standard Pronunciation:<br \/>\n        \u2022 Pronunciation practice tool with detailed feedback helps learners improve their pronunciation correctly and naturally.<br \/>\n        5. Personalization Roadmap:<br \/>\n        \u2022 Learners can customize learning content to suit their level and personal goals.<br \/>\n        \u2022 Topics range from basic to advanced, including cultural aspects typical of Spanish-speaking countries.<br \/>\n        6. Diverse Content:<br \/>\n        \u2022 Lessons include vocabulary, grammar, common conversational phrases, and interesting topics such as food, travel, or cultural events.<\/p>\n<p>Course Benefits:<br \/>\n        \u2022 Learn Spanish through intuitive and fun methods that are easy to remember.<br \/>\n        \u2022 Flexible, suitable for all subjects: students, working people, or people who love the Spanish language.<br \/>\n        \u2022 Easy to learn anytime, anywhere with online platform.<\/p>\n<p>Lingua Attack&#039;s Spanish courses not only provide a solid language foundation, but also give learners the confidence to explore the rich language and diverse cultures of the Spanish-speaking world.<\/p>\n<p>Number of learning contents:<br \/>\nVideo Booster:<br \/>\n\u2013 Movie (147 videos)<br \/>\n\u2013 TV Series (76 videos)<br \/>\n\u2013 Music (26 videos)<br \/>\n\u2013 New &amp; Society (138 videos)<br \/>\n\u2013 Leisure (10 videos)<\/p>\n<p>SkillBooster:<br \/>\n\u2013 Communicating While Traveling (4 videos)<br \/>\n\u2013 Getting a Job (3 videos)<br \/>\n\u2013 Communicating in Business (7 videos)<br \/>\n\u2013 Welcoming Visitors (6 videos)<br \/>\n\u2013 Getting Your Message Across (6 videos)<br \/>\n\u2013 Getting Everyday Things Done (7 videos)<\/p>","protected":false},"excerpt":{"rendered":"<p>Lingua Attack l\u00e0 m\u1ed9t n\u1ec1n t\u1ea3ng h\u1ecdc ng\u00f4n ng\u1eef hi\u1ec7n \u0111\u1ea1i, cung c\u1ea5p c\u00e1c kh\u00f3a h\u1ecdc v\u00e0 t\u00e0i nguy\u00ean h\u1ecdc t\u1eadp d\u1ef1a tr\u00ean video th\u1ef1c t\u1ebf t\u1eeb c\u00e1c b\u1ed9 phim n\u1ed5i ti\u1ebfng v\u00e0 series truy\u1ec1n h\u00ecnh, video nh\u1ea1c hot trend, tin t\u1ee9c truy\u1ec1n h\u00ecnh v\u00e0 t\u00e0i li\u1ec7u., tr\u00f2 ch\u01a1i t\u01b0\u01a1ng t\u00e1c v\u00e0 n\u1ed9i dung \u0111a [&hellip;]<\/p>\n","protected":false},"featured_media":3113,"comment_status":"closed","ping_status":"closed","template":"","meta":{"site-sidebar-layout":"default","site-content-layout":"","ast-site-content-layout":"default","site-content-style":"default","site-sidebar-style":"default","ast-global-header-display":"","ast-banner-title-visibility":"","ast-main-header-display":"","ast-hfb-above-header-display":"","ast-hfb-below-header-display":"","ast-hfb-mobile-header-display":"","site-post-title":"","ast-breadcrumbs-content":"","ast-featured-img":"","footer-sml-layout":"","ast-disable-related-posts":"","theme-transparent-header-meta":"","adv-header-id-meta":"","stick-header-meta":"","header-above-stick-meta":"","header-main-stick-meta":"","header-below-stick-meta":"","astra-migrate-meta-layouts":"default","ast-page-background-enabled":"default","ast-page-background-meta":{"desktop":{"background-color":"","background-image":"","background-repeat":"repeat","background-position":"center center","background-size":"auto","background-attachment":"scroll","background-type":"","background-media":"","overlay-type":"","overlay-color":"","overlay-opacity":"","overlay-gradient":""},"tablet":{"background-color":"","background-image":"","background-repeat":"repeat","background-position":"center center","background-size":"auto","background-attachment":"scroll","background-type":"","background-media":"","overlay-type":"","overlay-color":"","overlay-opacity":"","overlay-gradient":""},"mobile":{"background-color":"","background-image":"","background-repeat":"repeat","background-position":"center center","background-size":"auto","background-attachment":"scroll","background-type":"","background-media":"","overlay-type":"","overlay-color":"","overlay-opacity":"","overlay-gradient":""}},"ast-content-background-meta":{"desktop":{"background-color":"var(--ast-global-color-4)","background-image":"","background-repeat":"repeat","background-position":"center center","background-size":"auto","background-attachment":"scroll","background-type":"","background-media":"","overlay-type":"","overlay-color":"","overlay-opacity":"","overlay-gradient":""},"tablet":{"background-color":"var(--ast-global-color-4)","background-image":"","background-repeat":"repeat","background-position":"center center","background-size":"auto","background-attachment":"scroll","background-type":"","background-media":"","overlay-type":"","overlay-color":"","overlay-opacity":"","overlay-gradient":""},"mobile":{"background-color":"var(--ast-global-color-4)","background-image":"","background-repeat":"repeat","background-position":"center center","background-size":"auto","background-attachment":"scroll","background-type":"","background-media":"","overlay-type":"","overlay-color":"","overlay-opacity":"","overlay-gradient":""}}},"product_brand":[],"product_cat":[121],"product_tag":[],"class_list":{"0":"post-2379","1":"product","2":"type-product","3":"status-publish","4":"has-post-thumbnail","6":"product_cat-ngon-ngu-va-ky-nang","7":"desktop-align-left","8":"tablet-align-left","9":"mobile-align-left","11":"first","12":"instock","13":"sale","14":"taxable","15":"shipping-taxable","16":"purchasable","17":"product-type-simple"},"_links":{"self":[{"href":"https:\/\/aikip.io\/en\/wp-json\/wp\/v2\/product\/2379","targetHints":{"allow":["GET"]}}],"collection":[{"href":"https:\/\/aikip.io\/en\/wp-json\/wp\/v2\/product"}],"about":[{"href":"https:\/\/aikip.io\/en\/wp-json\/wp\/v2\/types\/product"}],"replies":[{"embeddable":true,"href":"https:\/\/aikip.io\/en\/wp-json\/wp\/v2\/comments?post=2379"}],"wp:featuredmedia":[{"embeddable":true,"href":"https:\/\/aikip.io\/en\/wp-json\/wp\/v2\/media\/3113"}],"wp:attachment":[{"href":"https:\/\/aikip.io\/en\/wp-json\/wp\/v2\/media?parent=2379"}],"wp:term":[{"taxonomy":"product_brand","embeddable":true,"href":"https:\/\/aikip.io\/en\/wp-json\/wp\/v2\/product_brand?post=2379"},{"taxonomy":"product_cat","embeddable":true,"href":"https:\/\/aikip.io\/en\/wp-json\/wp\/v2\/product_cat?post=2379"},{"taxonomy":"product_tag","embeddable":true,"href":"https:\/\/aikip.io\/en\/wp-json\/wp\/v2\/product_tag?post=2379"}],"curies":[{"name":"wp","href":"https:\/\/api.w.org\/{rel}","templated":true}]}}