{"id":2378,"date":"2025-01-06T16:50:16","date_gmt":"2025-01-06T09:50:16","guid":{"rendered":"https:\/\/aikip.hybridco.ca\/product\/tu-hoc-tieng-phap-tu-co-ban-den-nang-cao-2\/"},"modified":"2025-04-11T17:38:21","modified_gmt":"2025-04-11T10:38:21","slug":"tu-hoc-tieng-phap-tu-co-ban-den-nang-cao-2","status":"publish","type":"product","link":"https:\/\/aikip.io\/en\/product\/tu-hoc-tieng-phap-tu-co-ban-den-nang-cao-2\/","title":{"rendered":"French in Action: Real-World Learning"},"content":{"rendered":"<p>Lingua Attack is a modern language learning platform that offers courses and learning resources based on real-life videos from popular movies and TV series, trending music videos, TV news and documentaries, interactive games and multimedia content. The platform is designed to help learners develop comprehensive language skills, including vocabulary, grammar, pronunciation and communication skills in real-life contexts.<br \/>\nFrench Courses on Lingua Attack<\/p>\n<p>Lingua Attack&#039;s French course is designed to meet the needs of both beginners and advanced learners, with the following outstanding features:<br \/>\n\t1. Interactive Video:<br \/>\n\t\u2022 Real-life videos from TV shows, movies, and news expose learners to French in everyday life situations.<br \/>\n\t\u2022 Accompanying exercises help develop listening, comprehension and pronunciation skills.<br \/>\n\t2. Learning Games: Many interactive games help learners reinforce vocabulary, grammar and memorization through fun and effective learning methods.<br \/>\n\t3. Real-life Contexts: Lessons are designed based on real-life French usage contexts, helping learners confidently use the language in daily life or work.<br \/>\n\t4. Personalized Learning Path: Learners can choose topics and levels that suit their personal goals.<br \/>\n\t5. Pronunciation Practice: Modern pronunciation practice tools help learners improve their ability to speak correctly and naturally.<br \/>\n\t6. Diverse Topics: From basic communication situations, travel, work to French cultural topics, the course offers a rich experience for learners.<\/p>\n<p>Lingua Attack offers an innovative and flexible learning method, ideal for students, pupils, or working people who want to learn French effectively.<\/p>\n<p>Number of learning contents:<br \/>\nVideo Booster:<br \/>\n\u2013 Movie (180 videos)<br \/>\n\u2013 TV Series (99 videos)<br \/>\n\u2013 Music (59 videos)<br \/>\n\u2013 New &amp; Society (200 videos)<br \/>\n\u2013 Leisure (9 videos)<\/p>\n<p>SkillBooster:<br \/>\n\u2013 Communicating While Traveling (4 videos)<br \/>\n\u2013 Getting a Job (3 videos)<br \/>\n\u2013 Communicating in Business (8 videos)<br \/>\n\u2013 Welcoming Visitors (6 videos)<br \/>\n\u2013 Getting Your Message Across (5 videos)<br \/>\n\u2013 Getting Everyday Things Done (7 videos)<\/p>","protected":false},"excerpt":{"rendered":"<p>Lingua Attack l\u00e0 m\u1ed9t n\u1ec1n t\u1ea3ng h\u1ecdc ng\u00f4n ng\u1eef hi\u1ec7n \u0111\u1ea1i, cung c\u1ea5p c\u00e1c kh\u00f3a h\u1ecdc v\u00e0 t\u00e0i nguy\u00ean h\u1ecdc t\u1eadp d\u1ef1a tr\u00ean video th\u1ef1c t\u1ebf t\u1eeb c\u00e1c b\u1ed9 phim n\u1ed5i ti\u1ebfng v\u00e0 series truy\u1ec1n h\u00ecnh, video nh\u1ea1c hot trend, tin t\u1ee9c truy\u1ec1n h\u00ecnh v\u00e0 t\u00e0i li\u1ec7u., tr\u00f2 ch\u01a1i t\u01b0\u01a1ng t\u00e1c v\u00e0 n\u1ed9i dung \u0111a [&hellip;]<\/p>\n","protected":false},"featured_media":3110,"comment_status":"closed","ping_status":"closed","template":"","meta":{"site-sidebar-layout":"default","site-content-layout":"","ast-site-content-layout":"default","site-content-style":"default","site-sidebar-style":"default","ast-global-header-display":"","ast-banner-title-visibility":"","ast-main-header-display":"","ast-hfb-above-header-display":"","ast-hfb-below-header-display":"","ast-hfb-mobile-header-display":"","site-post-title":"","ast-breadcrumbs-content":"","ast-featured-img":"","footer-sml-layout":"","ast-disable-related-posts":"","theme-transparent-header-meta":"","adv-header-id-meta":"","stick-header-meta":"","header-above-stick-meta":"","header-main-stick-meta":"","header-below-stick-meta":"","astra-migrate-meta-layouts":"default","ast-page-background-enabled":"default","ast-page-background-meta":{"desktop":{"background-color":"","background-image":"","background-repeat":"repeat","background-position":"center center","background-size":"auto","background-attachment":"scroll","background-type":"","background-media":"","overlay-type":"","overlay-color":"","overlay-opacity":"","overlay-gradient":""},"tablet":{"background-color":"","background-image":"","background-repeat":"repeat","background-position":"center center","background-size":"auto","background-attachment":"scroll","background-type":"","background-media":"","overlay-type":"","overlay-color":"","overlay-opacity":"","overlay-gradient":""},"mobile":{"background-color":"","background-image":"","background-repeat":"repeat","background-position":"center center","background-size":"auto","background-attachment":"scroll","background-type":"","background-media":"","overlay-type":"","overlay-color":"","overlay-opacity":"","overlay-gradient":""}},"ast-content-background-meta":{"desktop":{"background-color":"var(--ast-global-color-4)","background-image":"","background-repeat":"repeat","background-position":"center center","background-size":"auto","background-attachment":"scroll","background-type":"","background-media":"","overlay-type":"","overlay-color":"","overlay-opacity":"","overlay-gradient":""},"tablet":{"background-color":"var(--ast-global-color-4)","background-image":"","background-repeat":"repeat","background-position":"center center","background-size":"auto","background-attachment":"scroll","background-type":"","background-media":"","overlay-type":"","overlay-color":"","overlay-opacity":"","overlay-gradient":""},"mobile":{"background-color":"var(--ast-global-color-4)","background-image":"","background-repeat":"repeat","background-position":"center center","background-size":"auto","background-attachment":"scroll","background-type":"","background-media":"","overlay-type":"","overlay-color":"","overlay-opacity":"","overlay-gradient":""}}},"product_brand":[],"product_cat":[121],"product_tag":[],"class_list":{"0":"post-2378","1":"product","2":"type-product","3":"status-publish","4":"has-post-thumbnail","6":"product_cat-ngon-ngu-va-ky-nang","7":"desktop-align-left","8":"tablet-align-left","9":"mobile-align-left","11":"first","12":"instock","13":"sale","14":"taxable","15":"shipping-taxable","16":"purchasable","17":"product-type-simple"},"_links":{"self":[{"href":"https:\/\/aikip.io\/en\/wp-json\/wp\/v2\/product\/2378","targetHints":{"allow":["GET"]}}],"collection":[{"href":"https:\/\/aikip.io\/en\/wp-json\/wp\/v2\/product"}],"about":[{"href":"https:\/\/aikip.io\/en\/wp-json\/wp\/v2\/types\/product"}],"replies":[{"embeddable":true,"href":"https:\/\/aikip.io\/en\/wp-json\/wp\/v2\/comments?post=2378"}],"wp:featuredmedia":[{"embeddable":true,"href":"https:\/\/aikip.io\/en\/wp-json\/wp\/v2\/media\/3110"}],"wp:attachment":[{"href":"https:\/\/aikip.io\/en\/wp-json\/wp\/v2\/media?parent=2378"}],"wp:term":[{"taxonomy":"product_brand","embeddable":true,"href":"https:\/\/aikip.io\/en\/wp-json\/wp\/v2\/product_brand?post=2378"},{"taxonomy":"product_cat","embeddable":true,"href":"https:\/\/aikip.io\/en\/wp-json\/wp\/v2\/product_cat?post=2378"},{"taxonomy":"product_tag","embeddable":true,"href":"https:\/\/aikip.io\/en\/wp-json\/wp\/v2\/product_tag?post=2378"}],"curies":[{"name":"wp","href":"https:\/\/api.w.org\/{rel}","templated":true}]}}