{"id":2376,"date":"2025-01-06T16:50:14","date_gmt":"2025-01-06T09:50:14","guid":{"rendered":"https:\/\/aikip.hybridco.ca\/product\/bai-thi-nang-luc-ngoai-ngu-reading-proficiency-test-co-chung-chi-quoc-te-ung-dung-ai-rpt\/"},"modified":"2025-04-23T14:44:03","modified_gmt":"2025-04-23T07:44:03","slug":"bai-thi-nang-luc-ngoai-ngu-reading-proficiency-test-co-chung-chi-quoc-te-ung-dung-ai-rpt","status":"publish","type":"product","link":"https:\/\/aikip.io\/en\/product\/bai-thi-nang-luc-ngoai-ngu-reading-proficiency-test-co-chung-chi-quoc-te-ung-dung-ai-rpt\/","title":{"rendered":"Reading Proficiency Test  (RPT)"},"content":{"rendered":"<p>The Reading Proficiency Test (RPT) is a standardized test that assesses reading ability in a language. The RPT measures a person&#039;s reading comprehension, without the use of a dictionary or grammar material, when presented with texts and tasks as described in the ACTFL Proficiency Guidelines 2012\u2014Reading. The reading texts and multiple-choice questions are presented in the target language. Designed by testing experts, the RPTs are carefully constructed tests that assess reading proficiency levels from Novice to Superior. Typically, the tests are administered to assess a specific range from Novice Low to Intermediate Mid, from Intermediate Mid to Advanced Mid, and from Advanced Low to Superior, although other versions are available. The tests are customized to assess the range of proficiency requested by the client, with administration times ranging from 50 to 125 minutes.<br \/>\nDetailed information about the test can be found at: <a class=\"aikip-external-links\" href=\"https:\/\/www.languagetesting.com\/reading-proficiency-test\">https:\/\/www.languagetesting.com\/reading-proficiency-test<\/a><br \/>\nTo experience a demo version of this test, please visit: <a class=\"aikip-external-links\" href=\"https:\/\/actfllrhtmldemo.actfltesting.org\">https:\/\/actfllrhtmldemo.actfltesting.org<\/a><\/p>","protected":false},"excerpt":{"rendered":"<p>B\u00e0i ki\u1ec3m tra N\u0103ng l\u1ef1c \u0110\u1ecdc (RPT) l\u00e0 m\u1ed9t b\u00e0i ki\u1ec3m tra chu\u1ea9n h\u00f3a nh\u1eb1m \u0111\u00e1nh gi\u00e1 kh\u1ea3 n\u0103ng \u0111\u1ecdc trong m\u1ed9t ng\u00f4n ng\u1eef. RPT \u0111o l\u01b0\u1eddng m\u1ee9c \u0111\u1ed9 \u0111\u1ecdc hi\u1ec3u c\u1ee7a m\u1ed9t ng\u01b0\u1eddi m\u00e0 kh\u00f4ng c\u1ea7n s\u1eed d\u1ee5ng t\u1eeb \u0111i\u1ec3n ho\u1eb7c t\u00e0i li\u1ec7u ng\u1eef ph\u00e1p, khi \u0111\u01b0\u1ee3c tr\u00ecnh b\u00e0y c\u00e1c v\u0103n b\u1ea3n v\u00e0 nhi\u1ec7m [&hellip;]<\/p>\n","protected":false},"featured_media":3042,"comment_status":"closed","ping_status":"closed","template":"","meta":{"site-sidebar-layout":"default","site-content-layout":"","ast-site-content-layout":"default","site-content-style":"default","site-sidebar-style":"default","ast-global-header-display":"","ast-banner-title-visibility":"","ast-main-header-display":"","ast-hfb-above-header-display":"","ast-hfb-below-header-display":"","ast-hfb-mobile-header-display":"","site-post-title":"","ast-breadcrumbs-content":"","ast-featured-img":"","footer-sml-layout":"","ast-disable-related-posts":"","theme-transparent-header-meta":"default","adv-header-id-meta":"","stick-header-meta":"","header-above-stick-meta":"","header-main-stick-meta":"","header-below-stick-meta":"","astra-migrate-meta-layouts":"set","ast-page-background-enabled":"default","ast-page-background-meta":{"desktop":{"background-color":"","background-image":"","background-repeat":"repeat","background-position":"center center","background-size":"auto","background-attachment":"scroll","background-type":"","background-media":"","overlay-type":"","overlay-color":"","overlay-opacity":"","overlay-gradient":""},"tablet":{"background-color":"","background-image":"","background-repeat":"repeat","background-position":"center center","background-size":"auto","background-attachment":"scroll","background-type":"","background-media":"","overlay-type":"","overlay-color":"","overlay-opacity":"","overlay-gradient":""},"mobile":{"background-color":"","background-image":"","background-repeat":"repeat","background-position":"center center","background-size":"auto","background-attachment":"scroll","background-type":"","background-media":"","overlay-type":"","overlay-color":"","overlay-opacity":"","overlay-gradient":""}},"ast-content-background-meta":{"desktop":{"background-color":"var(--ast-global-color-4)","background-image":"","background-repeat":"repeat","background-position":"center center","background-size":"auto","background-attachment":"scroll","background-type":"","background-media":"","overlay-type":"","overlay-color":"","overlay-opacity":"","overlay-gradient":""},"tablet":{"background-color":"var(--ast-global-color-4)","background-image":"","background-repeat":"repeat","background-position":"center center","background-size":"auto","background-attachment":"scroll","background-type":"","background-media":"","overlay-type":"","overlay-color":"","overlay-opacity":"","overlay-gradient":""},"mobile":{"background-color":"var(--ast-global-color-4)","background-image":"","background-repeat":"repeat","background-position":"center center","background-size":"auto","background-attachment":"scroll","background-type":"","background-media":"","overlay-type":"","overlay-color":"","overlay-opacity":"","overlay-gradient":""}}},"product_brand":[],"product_cat":[135],"product_tag":[],"class_list":{"0":"post-2376","1":"product","2":"type-product","3":"status-publish","4":"has-post-thumbnail","6":"product_cat-bai-thi-chung-chi-quoc-te","7":"desktop-align-left","8":"tablet-align-left","9":"mobile-align-left","11":"first","12":"instock","13":"sale","14":"taxable","15":"shipping-taxable","16":"purchasable","17":"product-type-simple"},"_links":{"self":[{"href":"https:\/\/aikip.io\/en\/wp-json\/wp\/v2\/product\/2376","targetHints":{"allow":["GET"]}}],"collection":[{"href":"https:\/\/aikip.io\/en\/wp-json\/wp\/v2\/product"}],"about":[{"href":"https:\/\/aikip.io\/en\/wp-json\/wp\/v2\/types\/product"}],"replies":[{"embeddable":true,"href":"https:\/\/aikip.io\/en\/wp-json\/wp\/v2\/comments?post=2376"}],"wp:featuredmedia":[{"embeddable":true,"href":"https:\/\/aikip.io\/en\/wp-json\/wp\/v2\/media\/3042"}],"wp:attachment":[{"href":"https:\/\/aikip.io\/en\/wp-json\/wp\/v2\/media?parent=2376"}],"wp:term":[{"taxonomy":"product_brand","embeddable":true,"href":"https:\/\/aikip.io\/en\/wp-json\/wp\/v2\/product_brand?post=2376"},{"taxonomy":"product_cat","embeddable":true,"href":"https:\/\/aikip.io\/en\/wp-json\/wp\/v2\/product_cat?post=2376"},{"taxonomy":"product_tag","embeddable":true,"href":"https:\/\/aikip.io\/en\/wp-json\/wp\/v2\/product_tag?post=2376"}],"curies":[{"name":"wp","href":"https:\/\/api.w.org\/{rel}","templated":true}]}}