{"id":2375,"date":"2025-01-06T16:50:12","date_gmt":"2025-01-06T09:50:12","guid":{"rendered":"https:\/\/aikip.hybridco.ca\/product\/bai-thi-nang-luc-ngoai-ngu-listening-proficiency-test-co-chung-chi-quoc-te-ung-dung-ai-lpt\/"},"modified":"2025-04-23T14:45:21","modified_gmt":"2025-04-23T07:45:21","slug":"bai-thi-nang-luc-ngoai-ngu-listening-proficiency-test-co-chung-chi-quoc-te-ung-dung-ai-lpt","status":"publish","type":"product","link":"https:\/\/aikip.io\/en\/product\/bai-thi-nang-luc-ngoai-ngu-listening-proficiency-test-co-chung-chi-quoc-te-ung-dung-ai-lpt\/","title":{"rendered":"Listening Proficiency Test (LPT)"},"content":{"rendered":"<p>The ACTFL Listening Proficiency Test (LPT) is a standardized test that provides a global assessment of listening ability in a language. The LPT measures a person\u2019s ability to understand spoken language spontaneously, without the ability to listen again or ask for clarification. The ACTFL LPT is carefully constructed to assess listening ability in accordance with the ACTFL Proficiency Guidelines 2024 \u2013 Listening, the Language Roundtable Language (ILR) Skill Level Descriptors \u2013 Listening, or the Common European Framework of Reference for Languages (CEFR), depending on the type of language proficiency certificate required. The test is administered via computer or tablet via the internet.<br \/>\nThe test can assess a specific range of ability (e.g., Novice Low to Intermediate Mid, Intermediate Mid to Advanced Mid, and Advanced Low to Superior). These optional ranges ensure that the test is tailored to the candidate&#039;s listening ability and save time and effort. The test is suitable for grade 12 students and adults. Younger candidates may take the test, depending on their language experience and training (e.g., participation in a primary school program, bilingual program, etc.).\u201d<br \/>\nDetailed information about the test can be found at: <a class=\"aikip-external-links\" href=\"https:\/\/www.languagetesting.com\/listening-proficiency-test\">https:\/\/www.languagetesting.com\/listening-proficiency-test<\/a><br \/>\nTo experience a demo version of this test, please visit: <a class=\"aikip-external-links\" href=\"https:\/\/actfllrhtmldemo.actfltesting.org\">https:\/\/actfllrhtmldemo.actfltesting.org<\/a><\/p>","protected":false},"excerpt":{"rendered":"<p>B\u00e0i ki\u1ec3m tra N\u0103ng l\u1ef1c Nghe c\u1ee7a ACTFL (LPT) l\u00e0 m\u1ed9t b\u00e0i ki\u1ec3m tra chu\u1ea9n h\u00f3a nh\u1eb1m \u0111\u00e1nh gi\u00e1 to\u00e0n c\u1ea7u kh\u1ea3 n\u0103ng nghe trong m\u1ed9t ng\u00f4n ng\u1eef. LPT \u0111o l\u01b0\u1eddng m\u1ee9c \u0111\u1ed9 hi\u1ec3u ng\u00f4n ng\u1eef n\u00f3i c\u1ee7a m\u1ed9t ng\u01b0\u1eddi m\u1ed9t c\u00e1ch t\u1ef1 nhi\u00ean, m\u00e0 kh\u00f4ng c\u00f3 kh\u1ea3 n\u0103ng nghe l\u1ea1i ho\u1eb7c y\u00eau c\u1ea7u l\u00e0m [&hellip;]<\/p>\n","protected":false},"featured_media":3039,"comment_status":"closed","ping_status":"closed","template":"","meta":{"site-sidebar-layout":"default","site-content-layout":"","ast-site-content-layout":"default","site-content-style":"default","site-sidebar-style":"default","ast-global-header-display":"","ast-banner-title-visibility":"","ast-main-header-display":"","ast-hfb-above-header-display":"","ast-hfb-below-header-display":"","ast-hfb-mobile-header-display":"","site-post-title":"","ast-breadcrumbs-content":"","ast-featured-img":"","footer-sml-layout":"","ast-disable-related-posts":"","theme-transparent-header-meta":"default","adv-header-id-meta":"","stick-header-meta":"","header-above-stick-meta":"","header-main-stick-meta":"","header-below-stick-meta":"","astra-migrate-meta-layouts":"set","ast-page-background-enabled":"default","ast-page-background-meta":{"desktop":{"background-color":"","background-image":"","background-repeat":"repeat","background-position":"center center","background-size":"auto","background-attachment":"scroll","background-type":"","background-media":"","overlay-type":"","overlay-color":"","overlay-opacity":"","overlay-gradient":""},"tablet":{"background-color":"","background-image":"","background-repeat":"repeat","background-position":"center center","background-size":"auto","background-attachment":"scroll","background-type":"","background-media":"","overlay-type":"","overlay-color":"","overlay-opacity":"","overlay-gradient":""},"mobile":{"background-color":"","background-image":"","background-repeat":"repeat","background-position":"center center","background-size":"auto","background-attachment":"scroll","background-type":"","background-media":"","overlay-type":"","overlay-color":"","overlay-opacity":"","overlay-gradient":""}},"ast-content-background-meta":{"desktop":{"background-color":"var(--ast-global-color-4)","background-image":"","background-repeat":"repeat","background-position":"center center","background-size":"auto","background-attachment":"scroll","background-type":"","background-media":"","overlay-type":"","overlay-color":"","overlay-opacity":"","overlay-gradient":""},"tablet":{"background-color":"var(--ast-global-color-4)","background-image":"","background-repeat":"repeat","background-position":"center center","background-size":"auto","background-attachment":"scroll","background-type":"","background-media":"","overlay-type":"","overlay-color":"","overlay-opacity":"","overlay-gradient":""},"mobile":{"background-color":"var(--ast-global-color-4)","background-image":"","background-repeat":"repeat","background-position":"center center","background-size":"auto","background-attachment":"scroll","background-type":"","background-media":"","overlay-type":"","overlay-color":"","overlay-opacity":"","overlay-gradient":""}}},"product_brand":[],"product_cat":[135],"product_tag":[],"class_list":{"0":"post-2375","1":"product","2":"type-product","3":"status-publish","4":"has-post-thumbnail","6":"product_cat-bai-thi-chung-chi-quoc-te","7":"desktop-align-left","8":"tablet-align-left","9":"mobile-align-left","11":"first","12":"instock","13":"sale","14":"taxable","15":"shipping-taxable","16":"purchasable","17":"product-type-simple"},"_links":{"self":[{"href":"https:\/\/aikip.io\/en\/wp-json\/wp\/v2\/product\/2375","targetHints":{"allow":["GET"]}}],"collection":[{"href":"https:\/\/aikip.io\/en\/wp-json\/wp\/v2\/product"}],"about":[{"href":"https:\/\/aikip.io\/en\/wp-json\/wp\/v2\/types\/product"}],"replies":[{"embeddable":true,"href":"https:\/\/aikip.io\/en\/wp-json\/wp\/v2\/comments?post=2375"}],"wp:featuredmedia":[{"embeddable":true,"href":"https:\/\/aikip.io\/en\/wp-json\/wp\/v2\/media\/3039"}],"wp:attachment":[{"href":"https:\/\/aikip.io\/en\/wp-json\/wp\/v2\/media?parent=2375"}],"wp:term":[{"taxonomy":"product_brand","embeddable":true,"href":"https:\/\/aikip.io\/en\/wp-json\/wp\/v2\/product_brand?post=2375"},{"taxonomy":"product_cat","embeddable":true,"href":"https:\/\/aikip.io\/en\/wp-json\/wp\/v2\/product_cat?post=2375"},{"taxonomy":"product_tag","embeddable":true,"href":"https:\/\/aikip.io\/en\/wp-json\/wp\/v2\/product_tag?post=2375"}],"curies":[{"name":"wp","href":"https:\/\/api.w.org\/{rel}","templated":true}]}}