{"id":2374,"date":"2025-01-06T16:50:11","date_gmt":"2025-01-06T09:50:11","guid":{"rendered":"https:\/\/aikip.hybridco.ca\/product\/bai-thi-nang-luc-ngoai-ngu-writing-proficiency-test-co-chung-chi-quoc-te-wpt\/"},"modified":"2025-04-23T14:45:55","modified_gmt":"2025-04-23T07:45:55","slug":"bai-thi-nang-luc-ngoai-ngu-writing-proficiency-test-co-chung-chi-quoc-te-wpt","status":"publish","type":"product","link":"https:\/\/aikip.io\/en\/product\/bai-thi-nang-luc-ngoai-ngu-writing-proficiency-test-co-chung-chi-quoc-te-wpt\/","title":{"rendered":"Writing Proficiency Test  (WPT)"},"content":{"rendered":"<p>The ACTFL Writing Proficiency Test (WPT) is a carefully designed standardized test that assesses practical writing ability in the target language. It is available on demand, via the internet or in print, and assesses the ability to write effectively on practical, social, and professional topics, in both informal and formal contexts.<br \/>\nBased on information gathered from a background survey and self-assessment, each test is tailored to the test taker\u2019s language ability, with topics tailored to their interests and experience. The test allows writers to demonstrate their full range of abilities in a low-stress testing environment. Writers will receive tasks representing a range of ability levels, as described in the ACTFL Proficiency Guidelines 2012\u2014Writing. Test takers will be given 20 to 80 minutes to complete, depending on the format and test taker\u2019s level. The test also provides test takers with multiple virtual keyboard options to use essential diacritics not found on a standard American keyboard. Test takers will receive four to five tasks, each with two to three related tasks, in English. They will write responses in the target language, demonstrating narrative, informational, and\/or persuasive writing skills. An ACTFL certified WPT examiner will evaluate the candidate&#039;s ability according to the ACTFL scale.<br \/>\nFor more information, please visit: <a class=\"aikip-external-links\" href=\"https:\/\/www.languagetesting.com\/writing-proficiency-test\">https:\/\/www.languagetesting.com\/writing-proficiency-test<\/a><br \/>\nTo experience a demo version of this test, please visit: <a class=\"aikip-external-links\" href=\"http:\/\/wptdemo.actfltesting.org\">http:\/\/wptdemo.actfltesting.org<\/a><\/p>","protected":false},"excerpt":{"rendered":"<p>B\u00e0i ki\u1ec3m tra N\u0103ng l\u1ef1c Vi\u1ebft c\u1ee7a ACTFL (WPT) l\u00e0 m\u1ed9t b\u00e0i ki\u1ec3m tra chu\u1ea9n h\u00f3a \u0111\u01b0\u1ee3c thi\u1ebft k\u1ebf c\u1ea9n th\u1eadn nh\u1eb1m \u0111\u00e1nh gi\u00e1 kh\u1ea3 n\u0103ng vi\u1ebft th\u1ef1c t\u1ebf trong ng\u00f4n ng\u1eef m\u1ee5c ti\u00eau. B\u00e0i ki\u1ec3m tra n\u00e0y c\u00f3 th\u1ec3 th\u1ef1c hi\u1ec7n theo y\u00eau c\u1ea7u, c\u00f3 s\u1eb5n qua internet ho\u1eb7c d\u01b0\u1edbi d\u1ea1ng t\u00e0i li\u1ec7u in, [&hellip;]<\/p>\n","protected":false},"featured_media":3101,"comment_status":"closed","ping_status":"closed","template":"","meta":{"site-sidebar-layout":"default","site-content-layout":"","ast-site-content-layout":"default","site-content-style":"default","site-sidebar-style":"default","ast-global-header-display":"","ast-banner-title-visibility":"","ast-main-header-display":"","ast-hfb-above-header-display":"","ast-hfb-below-header-display":"","ast-hfb-mobile-header-display":"","site-post-title":"","ast-breadcrumbs-content":"","ast-featured-img":"","footer-sml-layout":"","ast-disable-related-posts":"","theme-transparent-header-meta":"default","adv-header-id-meta":"","stick-header-meta":"","header-above-stick-meta":"","header-main-stick-meta":"","header-below-stick-meta":"","astra-migrate-meta-layouts":"set","ast-page-background-enabled":"default","ast-page-background-meta":{"desktop":{"background-color":"","background-image":"","background-repeat":"repeat","background-position":"center center","background-size":"auto","background-attachment":"scroll","background-type":"","background-media":"","overlay-type":"","overlay-color":"","overlay-opacity":"","overlay-gradient":""},"tablet":{"background-color":"","background-image":"","background-repeat":"repeat","background-position":"center center","background-size":"auto","background-attachment":"scroll","background-type":"","background-media":"","overlay-type":"","overlay-color":"","overlay-opacity":"","overlay-gradient":""},"mobile":{"background-color":"","background-image":"","background-repeat":"repeat","background-position":"center center","background-size":"auto","background-attachment":"scroll","background-type":"","background-media":"","overlay-type":"","overlay-color":"","overlay-opacity":"","overlay-gradient":""}},"ast-content-background-meta":{"desktop":{"background-color":"var(--ast-global-color-4)","background-image":"","background-repeat":"repeat","background-position":"center center","background-size":"auto","background-attachment":"scroll","background-type":"","background-media":"","overlay-type":"","overlay-color":"","overlay-opacity":"","overlay-gradient":""},"tablet":{"background-color":"var(--ast-global-color-4)","background-image":"","background-repeat":"repeat","background-position":"center center","background-size":"auto","background-attachment":"scroll","background-type":"","background-media":"","overlay-type":"","overlay-color":"","overlay-opacity":"","overlay-gradient":""},"mobile":{"background-color":"var(--ast-global-color-4)","background-image":"","background-repeat":"repeat","background-position":"center center","background-size":"auto","background-attachment":"scroll","background-type":"","background-media":"","overlay-type":"","overlay-color":"","overlay-opacity":"","overlay-gradient":""}}},"product_brand":[],"product_cat":[135],"product_tag":[],"class_list":{"0":"post-2374","1":"product","2":"type-product","3":"status-publish","4":"has-post-thumbnail","6":"product_cat-bai-thi-chung-chi-quoc-te","7":"desktop-align-left","8":"tablet-align-left","9":"mobile-align-left","11":"first","12":"instock","13":"sale","14":"taxable","15":"shipping-taxable","16":"purchasable","17":"product-type-simple"},"_links":{"self":[{"href":"https:\/\/aikip.io\/en\/wp-json\/wp\/v2\/product\/2374","targetHints":{"allow":["GET"]}}],"collection":[{"href":"https:\/\/aikip.io\/en\/wp-json\/wp\/v2\/product"}],"about":[{"href":"https:\/\/aikip.io\/en\/wp-json\/wp\/v2\/types\/product"}],"replies":[{"embeddable":true,"href":"https:\/\/aikip.io\/en\/wp-json\/wp\/v2\/comments?post=2374"}],"wp:featuredmedia":[{"embeddable":true,"href":"https:\/\/aikip.io\/en\/wp-json\/wp\/v2\/media\/3101"}],"wp:attachment":[{"href":"https:\/\/aikip.io\/en\/wp-json\/wp\/v2\/media?parent=2374"}],"wp:term":[{"taxonomy":"product_brand","embeddable":true,"href":"https:\/\/aikip.io\/en\/wp-json\/wp\/v2\/product_brand?post=2374"},{"taxonomy":"product_cat","embeddable":true,"href":"https:\/\/aikip.io\/en\/wp-json\/wp\/v2\/product_cat?post=2374"},{"taxonomy":"product_tag","embeddable":true,"href":"https:\/\/aikip.io\/en\/wp-json\/wp\/v2\/product_tag?post=2374"}],"curies":[{"name":"wp","href":"https:\/\/api.w.org\/{rel}","templated":true}]}}