{"id":2373,"date":"2025-01-06T16:50:10","date_gmt":"2025-01-06T09:50:10","guid":{"rendered":"https:\/\/aikip.hybridco.ca\/product\/bai-thi-nang-luc-ngoai-ngu-speaking-oral-proficiency-interview-with-computer-co-chung-chi-quoc-te-opic\/"},"modified":"2025-04-23T14:47:00","modified_gmt":"2025-04-23T07:47:00","slug":"bai-thi-nang-luc-ngoai-ngu-speaking-oral-proficiency-interview-with-computer-co-chung-chi-quoc-te-opic","status":"publish","type":"product","link":"https:\/\/aikip.io\/en\/product\/bai-thi-nang-luc-ngoai-ngu-speaking-oral-proficiency-interview-with-computer-co-chung-chi-quoc-te-opic\/","title":{"rendered":"Oral Proficiency Interview with Computer (OPIc)"},"content":{"rendered":"<p>The OPIc is a 20- to 40-minute speaking test designed to collect speech samples through computer-recorded and manipulated speech questions, delivered over the internet or by telephone. Completed tests are stored digitally and evaluated by ACTFL-certified examiners.<br \/>\nIn the computer version, each test is personalized by selecting tasks in subject areas that match the candidate\u2019s language ability, work experience, educational background and interests via a Self-Assessment Survey. In the mobile version, the tests are administered in a fixed format. Candidates will be assessed on their ability to speak the target language in a standard form without using other languages or slang. The candidate\u2019s overall oral communication ability in the target language is the only skill assessed, regardless of the content of the candidate\u2019s answers, feedback or opinions.<br \/>\nFor more information, please visit: <a class=\"aikip-external-links\" href=\"https:\/\/www.languagetesting.com\/oralproficiency-interview-by-computer-opic\/\">https:\/\/www.languagetesting.com\/oralproficiency-interview-by-computer-opic\/<\/a><br \/>\nTo experience a demo version of this test, please visit: <a class=\"aikip-external-links\" href=\"https:\/\/opicdemo.actfltesting.org\/\">https:\/\/opicdemo.actfltesting.org\/<\/a><\/p>","protected":false},"excerpt":{"rendered":"<p>OPIc l\u00e0 m\u1ed9t b\u00e0i ki\u1ec3m tra kh\u1ea3 n\u0103ng n\u00f3i k\u00e9o d\u00e0i t\u1eeb 20 \u0111\u1ebfn 40 ph\u00fat, \u0111\u01b0\u1ee3c thi\u1ebft k\u1ebf \u0111\u1ec3 thu th\u1eadp m\u1eabu l\u1eddi n\u00f3i th\u00f4ng qua c\u00e1c c\u00e2u h\u1ecfi gi\u1ecdng n\u00f3i \u0111\u00e3 \u0111\u01b0\u1ee3c ghi \u00e2m v\u00e0 \u0111i\u1ec1u ch\u1ec9nh b\u1eb1ng m\u00e1y t\u00ednh, cung c\u1ea5p qua internet ho\u1eb7c qua \u0111i\u1ec7n tho\u1ea1i. C\u00e1c b\u00e0i ki\u1ec3m tra ho\u00e0n [&hellip;]<\/p>\n","protected":false},"featured_media":3044,"comment_status":"closed","ping_status":"closed","template":"","meta":{"site-sidebar-layout":"default","site-content-layout":"","ast-site-content-layout":"default","site-content-style":"default","site-sidebar-style":"default","ast-global-header-display":"","ast-banner-title-visibility":"","ast-main-header-display":"","ast-hfb-above-header-display":"","ast-hfb-below-header-display":"","ast-hfb-mobile-header-display":"","site-post-title":"","ast-breadcrumbs-content":"","ast-featured-img":"","footer-sml-layout":"","ast-disable-related-posts":"","theme-transparent-header-meta":"default","adv-header-id-meta":"","stick-header-meta":"","header-above-stick-meta":"","header-main-stick-meta":"","header-below-stick-meta":"","astra-migrate-meta-layouts":"set","ast-page-background-enabled":"default","ast-page-background-meta":{"desktop":{"background-color":"","background-image":"","background-repeat":"repeat","background-position":"center center","background-size":"auto","background-attachment":"scroll","background-type":"","background-media":"","overlay-type":"","overlay-color":"","overlay-opacity":"","overlay-gradient":""},"tablet":{"background-color":"","background-image":"","background-repeat":"repeat","background-position":"center center","background-size":"auto","background-attachment":"scroll","background-type":"","background-media":"","overlay-type":"","overlay-color":"","overlay-opacity":"","overlay-gradient":""},"mobile":{"background-color":"","background-image":"","background-repeat":"repeat","background-position":"center center","background-size":"auto","background-attachment":"scroll","background-type":"","background-media":"","overlay-type":"","overlay-color":"","overlay-opacity":"","overlay-gradient":""}},"ast-content-background-meta":{"desktop":{"background-color":"var(--ast-global-color-4)","background-image":"","background-repeat":"repeat","background-position":"center center","background-size":"auto","background-attachment":"scroll","background-type":"","background-media":"","overlay-type":"","overlay-color":"","overlay-opacity":"","overlay-gradient":""},"tablet":{"background-color":"var(--ast-global-color-4)","background-image":"","background-repeat":"repeat","background-position":"center center","background-size":"auto","background-attachment":"scroll","background-type":"","background-media":"","overlay-type":"","overlay-color":"","overlay-opacity":"","overlay-gradient":""},"mobile":{"background-color":"var(--ast-global-color-4)","background-image":"","background-repeat":"repeat","background-position":"center center","background-size":"auto","background-attachment":"scroll","background-type":"","background-media":"","overlay-type":"","overlay-color":"","overlay-opacity":"","overlay-gradient":""}}},"product_brand":[],"product_cat":[135],"product_tag":[],"class_list":{"0":"post-2373","1":"product","2":"type-product","3":"status-publish","4":"has-post-thumbnail","6":"product_cat-bai-thi-chung-chi-quoc-te","7":"desktop-align-left","8":"tablet-align-left","9":"mobile-align-left","11":"first","12":"instock","13":"sale","14":"taxable","15":"shipping-taxable","16":"purchasable","17":"product-type-simple"},"_links":{"self":[{"href":"https:\/\/aikip.io\/en\/wp-json\/wp\/v2\/product\/2373","targetHints":{"allow":["GET"]}}],"collection":[{"href":"https:\/\/aikip.io\/en\/wp-json\/wp\/v2\/product"}],"about":[{"href":"https:\/\/aikip.io\/en\/wp-json\/wp\/v2\/types\/product"}],"replies":[{"embeddable":true,"href":"https:\/\/aikip.io\/en\/wp-json\/wp\/v2\/comments?post=2373"}],"wp:featuredmedia":[{"embeddable":true,"href":"https:\/\/aikip.io\/en\/wp-json\/wp\/v2\/media\/3044"}],"wp:attachment":[{"href":"https:\/\/aikip.io\/en\/wp-json\/wp\/v2\/media?parent=2373"}],"wp:term":[{"taxonomy":"product_brand","embeddable":true,"href":"https:\/\/aikip.io\/en\/wp-json\/wp\/v2\/product_brand?post=2373"},{"taxonomy":"product_cat","embeddable":true,"href":"https:\/\/aikip.io\/en\/wp-json\/wp\/v2\/product_cat?post=2373"},{"taxonomy":"product_tag","embeddable":true,"href":"https:\/\/aikip.io\/en\/wp-json\/wp\/v2\/product_tag?post=2373"}],"curies":[{"name":"wp","href":"https:\/\/api.w.org\/{rel}","templated":true}]}}