{"id":3841,"date":"2025-04-18T15:42:58","date_gmt":"2025-04-18T08:42:58","guid":{"rendered":"https:\/\/aikip.io\/?page_id=3841"},"modified":"2025-04-18T15:50:11","modified_gmt":"2025-04-18T08:50:11","slug":"learnsocial","status":"publish","type":"page","link":"https:\/\/aikip.io\/en\/learnsocial\/","title":{"rendered":"Learn Social"},"content":{"rendered":"<div data-elementor-type=\"wp-page\" data-elementor-id=\"3841\" class=\"elementor elementor-3841\">\n\t\t\t\t<div class=\"elementor-element elementor-element-245f004 e-flex e-con-boxed e-con e-parent\" data-id=\"245f004\" data-element_type=\"container\" data-e-type=\"container\" data-settings=\"{&quot;background_background&quot;:&quot;classic&quot;}\">\n\t\t\t\t\t<div class=\"e-con-inner\">\n\t\t<div class=\"elementor-element elementor-element-5fe1304 e-con-full e-flex e-con e-child\" data-id=\"5fe1304\" data-element_type=\"container\" data-e-type=\"container\">\n\t\t\t\t<div class=\"elementor-element elementor-element-d7d75b5 elementor-hidden-desktop elementor-hidden-tablet elementor-hidden-mobile elementor-widget elementor-widget-heading\" data-id=\"d7d75b5\" data-element_type=\"widget\" data-e-type=\"widget\" data-widget_type=\"heading.default\">\n\t\t\t\t<div class=\"elementor-widget-container\">\n\t\t\t\t\t<h1 class=\"elementor-heading-title elementor-size-default\">Learn Social<\/h1>\t\t\t\t<\/div>\n\t\t\t\t<\/div>\n\t\t\t\t<div class=\"elementor-element elementor-element-162b12d elementor-widget elementor-widget-image\" data-id=\"162b12d\" data-element_type=\"widget\" data-e-type=\"widget\" data-widget_type=\"image.default\">\n\t\t\t\t<div class=\"elementor-widget-container\">\n\t\t\t\t\t\t\t\t\t\t\t\t\t\t\t<img decoding=\"async\" width=\"400\" height=\"121\" src=\"https:\/\/aikip.io\/wp-content\/uploads\/2025\/04\/logo.webp\" class=\"attachment-full size-full wp-image-3842\" alt=\"\" srcset=\"https:\/\/aikip.io\/wp-content\/uploads\/2025\/04\/logo.webp 400w, https:\/\/aikip.io\/wp-content\/uploads\/2025\/04\/logo-300x91.webp 300w, https:\/\/aikip.io\/wp-content\/uploads\/2025\/04\/logo-18x5.webp 18w\" sizes=\"(max-width: 400px) 100vw, 400px\" \/>\t\t\t\t\t\t\t\t\t\t\t\t\t\t\t<\/div>\n\t\t\t\t<\/div>\n\t\t\t\t<\/div>\n\t\t\t\t\t<\/div>\n\t\t\t\t<\/div>\n\t\t<div class=\"elementor-element elementor-element-c75f124 e-flex e-con-boxed e-con e-parent\" data-id=\"c75f124\" data-element_type=\"container\" data-e-type=\"container\">\n\t\t\t\t\t<div class=\"e-con-inner\">\n\t\t<div class=\"elementor-element elementor-element-7238d0d e-con-full e-flex e-con e-child\" data-id=\"7238d0d\" data-element_type=\"container\" data-e-type=\"container\">\n\t\t<div class=\"elementor-element elementor-element-eb8f4c6 e-flex e-con-boxed e-con e-child\" data-id=\"eb8f4c6\" data-element_type=\"container\" data-e-type=\"container\">\n\t\t\t\t\t<div class=\"e-con-inner\">\n\t\t<div class=\"elementor-element elementor-element-2cfdb76 e-con-full e-flex e-con e-child\" data-id=\"2cfdb76\" data-element_type=\"container\" data-e-type=\"container\">\n\t\t\t\t<div class=\"elementor-element elementor-element-8c20fc9 elementor-widget elementor-widget-heading\" data-id=\"8c20fc9\" data-element_type=\"widget\" data-e-type=\"widget\" data-widget_type=\"heading.default\">\n\t\t\t\t<div class=\"elementor-widget-container\">\n\t\t\t\t\t<h6 class=\"elementor-heading-title elementor-size-default\">About us<\/h6>\t\t\t\t<\/div>\n\t\t\t\t<\/div>\n\t\t\t\t<div class=\"elementor-element elementor-element-0add2b5 elementor-widget elementor-widget-heading\" data-id=\"0add2b5\" data-element_type=\"widget\" data-e-type=\"widget\" data-widget_type=\"heading.default\">\n\t\t\t\t<div class=\"elementor-widget-container\">\n\t\t\t\t\t<h2 class=\"elementor-heading-title elementor-size-default\">Learn Social<\/h2>\t\t\t\t<\/div>\n\t\t\t\t<\/div>\n\t\t\t\t<div class=\"elementor-element elementor-element-adfd6c5 elementor-widget elementor-widget-heading\" data-id=\"adfd6c5\" data-element_type=\"widget\" data-e-type=\"widget\" data-widget_type=\"heading.default\">\n\t\t\t\t<div class=\"elementor-widget-container\">\n\t\t\t\t\t<h4 class=\"elementor-heading-title elementor-size-default\">Welcome to Learn Social \u2013 a unique and innovative way to learn English online!<\/h4>\t\t\t\t<\/div>\n\t\t\t\t<\/div>\n\t\t\t\t<div class=\"elementor-element elementor-element-d5484aa elementor-widget-divider--view-line elementor-widget elementor-widget-divider\" data-id=\"d5484aa\" data-element_type=\"widget\" data-e-type=\"widget\" data-widget_type=\"divider.default\">\n\t\t\t\t<div class=\"elementor-widget-container\">\n\t\t\t\t\t\t\t<div class=\"elementor-divider\">\n\t\t\t<span class=\"elementor-divider-separator\">\n\t\t\t\t\t\t<\/span>\n\t\t<\/div>\n\t\t\t\t\t\t<\/div>\n\t\t\t\t<\/div>\n\t\t\t\t<div class=\"elementor-element elementor-element-9a662a8 elementor-drop-cap-yes elementor-drop-cap-view-default elementor-widget elementor-widget-text-editor\" data-id=\"9a662a8\" data-element_type=\"widget\" data-e-type=\"widget\" data-settings=\"{&quot;drop_cap&quot;:&quot;yes&quot;}\" data-widget_type=\"text-editor.default\">\n\t\t\t\t<div class=\"elementor-widget-container\">\n\t\t\t\t\t\t\t\t\t<h3><strong>How it works<\/strong><\/h3><p>The Learn Social platform integrates everyday communication tools and peer assessment features into English courses. When students need to complete a speaking or writing assignment, they submit it to the Learning Group for feedback. Students can view each other\u2019s work and provide feedback. Students can then improve their work before submitting it to the teacher for a final grade and detailed feedback.<\/p><p><strong>Peer assessment helps students stay motivated and achieve better results<\/strong><\/p><hr \/><h3><strong>Target audience<\/strong><\/h3><p>The Learn Social platform caters to the needs of students, teachers and educational institutions.<\/p><p>\ud83d\udccc\u00a0<strong>Students<\/strong><br \/>Learn Social is easy to use and engaging for students because it allows them to learn English the way they want. Students are used to using social media tools every day \u2013 they don\u2019t want to stop learning, they want to be connected while they learn!<\/p><p>\ud83d\udccc\u00a0<strong>Teacher<\/strong><br \/>Learn Social saves time grading papers with automated grading, helps teachers interact with students outside of class, and provides tools to track student progress.<\/p><p>\ud83d\udccc\u00a0<strong>University &amp; Language Center<\/strong><br \/>The platform can be customized to your institution\u2019s branding while delivering high-quality materials that meet the expectations of modern learners. Choosing Learn Social will help students feel like they are studying at a technology-driven institution.<\/p><hr \/><h3><strong>Outstanding benefits<\/strong><\/h3><p>\u2705\u00a0<strong>Students<\/strong><\/p><ul><li><p>Easy to use and highly interactive<\/p><\/li><li><p>Social learning<\/p><\/li><li><p>Available on all devices: phone, tablet, PC, Mac<\/p><\/li><\/ul><p>\u2705\u00a0<strong>Teacher<\/strong><\/p><ul><li><p>Save time with automatic scoring<\/p><\/li><li><p>Provide weekly progress checks and reports via email<\/p><\/li><li><p>Assignments can be commented on online, not just in class<\/p><\/li><\/ul><p>\u2705\u00a0<strong>Educational organization<\/strong><\/p><ul><li><p>More engaged students \u2192 Better learning outcomes<\/p><\/li><li><p>Efficient team management features<\/p><\/li><li><p>Affirming the position of a pioneering technology organization<\/p><\/li><\/ul><hr \/><p><strong>Be a technology-driven educational institution!<\/strong><br \/>Learn Social \u2013 New generation English learning platform, connected and effective.<\/p>\t\t\t\t\t\t\t\t<\/div>\n\t\t\t\t<\/div>\n\t\t\t\t<div class=\"elementor-element elementor-element-6ffd089 elementor-align-center elementor-widget elementor-widget-button\" data-id=\"6ffd089\" data-element_type=\"widget\" data-e-type=\"widget\" data-widget_type=\"button.default\">\n\t\t\t\t<div class=\"elementor-widget-container\">\n\t\t\t\t\t\t\t\t\t<div class=\"elementor-button-wrapper\">\n\t\t\t\t\t<a class=\"elementor-button elementor-button-link elementor-size-sm\" href=\"\/en\/khoa-hoc\/?filter_nha-xuat-ban=english-central\">\n\t\t\t\t\t\t<span class=\"elementor-button-content-wrapper\">\n\t\t\t\t\t\t\t\t\t<span class=\"elementor-button-text\">View Learn Social courses<\/span>\n\t\t\t\t\t<\/span>\n\t\t\t\t\t<\/a>\n\t\t\t\t<\/div>\n\t\t\t\t\t\t\t\t<\/div>\n\t\t\t\t<\/div>\n\t\t\t\t<\/div>\n\t\t\t\t\t<\/div>\n\t\t\t\t<\/div>\n\t\t\t\t<\/div>\n\t\t\t\t\t<\/div>\n\t\t\t\t<\/div>\n\t\t\t\t<\/div>","protected":false},"excerpt":{"rendered":"<p>Learn Social Gi\u1edbi thi\u1ec7u Learn Social Ch\u00e0o m\u1eebng b\u1ea1n \u0111\u1ebfn v\u1edbi Learn Social \u2013 m\u1ed9t c\u00e1ch h\u1ecdc ti\u1ebfng Anh tr\u1ef1c tuy\u1ebfn \u0111\u1ed9c \u0111\u00e1o v\u00e0 \u0111\u1ea7y s\u00e1ng t\u1ea1o! C\u00e1ch th\u1ee9c ho\u1ea1t \u0111\u1ed9ng N\u1ec1n t\u1ea3ng Learn Social t\u00edch h\u1ee3p c\u00e1c c\u00f4ng c\u1ee5 giao ti\u1ebfp h\u00e0ng ng\u00e0y v\u00e0 t\u00ednh n\u0103ng \u0111\u00e1nh gi\u00e1 \u0111\u1ed3ng \u0111\u1eb3ng v\u00e0o c\u00e1c kh\u00f3a h\u1ecdc [&hellip;]<\/p>\n","protected":false},"author":19,"featured_media":0,"parent":0,"menu_order":0,"comment_status":"closed","ping_status":"closed","template":"","meta":{"site-sidebar-layout":"no-sidebar","site-content-layout":"page-builder","ast-site-content-layout":"default","site-content-style":"default","site-sidebar-style":"default","ast-global-header-display":"","ast-banner-title-visibility":"","ast-main-header-display":"","ast-hfb-above-header-display":"","ast-hfb-below-header-display":"","ast-hfb-mobile-header-display":"","site-post-title":"disabled","ast-breadcrumbs-content":"disabled","ast-featured-img":"disabled","footer-sml-layout":"","ast-disable-related-posts":"","theme-transparent-header-meta":"enabled","adv-header-id-meta":"","stick-header-meta":"","header-above-stick-meta":"","header-main-stick-meta":"","header-below-stick-meta":"","astra-migrate-meta-layouts":"default","ast-page-background-enabled":"default","ast-page-background-meta":{"desktop":{"background-color":"","background-image":"","background-repeat":"repeat","background-position":"center center","background-size":"auto","background-attachment":"scroll","background-type":"","background-media":"","overlay-type":"","overlay-color":"","overlay-opacity":"","overlay-gradient":""},"tablet":{"background-color":"","background-image":"","background-repeat":"repeat","background-position":"center center","background-size":"auto","background-attachment":"scroll","background-type":"","background-media":"","overlay-type":"","overlay-color":"","overlay-opacity":"","overlay-gradient":""},"mobile":{"background-color":"","background-image":"","background-repeat":"repeat","background-position":"center center","background-size":"auto","background-attachment":"scroll","background-type":"","background-media":"","overlay-type":"","overlay-color":"","overlay-opacity":"","overlay-gradient":""}},"ast-content-background-meta":{"desktop":{"background-color":"var(--ast-global-color-4)","background-image":"","background-repeat":"repeat","background-position":"center center","background-size":"auto","background-attachment":"scroll","background-type":"","background-media":"","overlay-type":"","overlay-color":"","overlay-opacity":"","overlay-gradient":""},"tablet":{"background-color":"var(--ast-global-color-4)","background-image":"","background-repeat":"repeat","background-position":"center center","background-size":"auto","background-attachment":"scroll","background-type":"","background-media":"","overlay-type":"","overlay-color":"","overlay-opacity":"","overlay-gradient":""},"mobile":{"background-color":"var(--ast-global-color-4)","background-image":"","background-repeat":"repeat","background-position":"center center","background-size":"auto","background-attachment":"scroll","background-type":"","background-media":"","overlay-type":"","overlay-color":"","overlay-opacity":"","overlay-gradient":""}},"footnotes":""},"class_list":["post-3841","page","type-page","status-publish","hentry"],"_links":{"self":[{"href":"https:\/\/aikip.io\/en\/wp-json\/wp\/v2\/pages\/3841","targetHints":{"allow":["GET"]}}],"collection":[{"href":"https:\/\/aikip.io\/en\/wp-json\/wp\/v2\/pages"}],"about":[{"href":"https:\/\/aikip.io\/en\/wp-json\/wp\/v2\/types\/page"}],"author":[{"embeddable":true,"href":"https:\/\/aikip.io\/en\/wp-json\/wp\/v2\/users\/19"}],"replies":[{"embeddable":true,"href":"https:\/\/aikip.io\/en\/wp-json\/wp\/v2\/comments?post=3841"}],"version-history":[{"count":13,"href":"https:\/\/aikip.io\/en\/wp-json\/wp\/v2\/pages\/3841\/revisions"}],"predecessor-version":[{"id":3855,"href":"https:\/\/aikip.io\/en\/wp-json\/wp\/v2\/pages\/3841\/revisions\/3855"}],"wp:attachment":[{"href":"https:\/\/aikip.io\/en\/wp-json\/wp\/v2\/media?parent=3841"}],"curies":[{"name":"wp","href":"https:\/\/api.w.org\/{rel}","templated":true}]}}