{"id":3761,"date":"2025-04-14T13:22:14","date_gmt":"2025-04-14T06:22:14","guid":{"rendered":"https:\/\/aikip.io\/?page_id=3761"},"modified":"2025-04-18T10:23:00","modified_gmt":"2025-04-18T03:23:00","slug":"bsd-education","status":"publish","type":"page","link":"https:\/\/aikip.io\/en\/bsd-education\/","title":{"rendered":"BSD Education\u200b"},"content":{"rendered":"<div data-elementor-type=\"wp-page\" data-elementor-id=\"3761\" class=\"elementor elementor-3761\">\n\t\t\t\t<div class=\"elementor-element elementor-element-245f004 e-flex e-con-boxed e-con e-parent\" data-id=\"245f004\" data-element_type=\"container\" data-e-type=\"container\" data-settings=\"{&quot;background_background&quot;:&quot;classic&quot;}\">\n\t\t\t\t\t<div class=\"e-con-inner\">\n\t\t<div class=\"elementor-element elementor-element-5fe1304 e-con-full e-flex e-con e-child\" data-id=\"5fe1304\" data-element_type=\"container\" data-e-type=\"container\">\n\t\t\t\t<div class=\"elementor-element elementor-element-d7d75b5 elementor-widget elementor-widget-heading\" data-id=\"d7d75b5\" data-element_type=\"widget\" data-e-type=\"widget\" data-widget_type=\"heading.default\">\n\t\t\t\t<div class=\"elementor-widget-container\">\n\t\t\t\t\t<h1 class=\"elementor-heading-title elementor-size-default\">BSD Education<\/h1>\t\t\t\t<\/div>\n\t\t\t\t<\/div>\n\t\t\t\t<\/div>\n\t\t\t\t\t<\/div>\n\t\t\t\t<\/div>\n\t\t<div class=\"elementor-element elementor-element-c75f124 e-flex e-con-boxed e-con e-parent\" data-id=\"c75f124\" data-element_type=\"container\" data-e-type=\"container\">\n\t\t\t\t\t<div class=\"e-con-inner\">\n\t\t<div class=\"elementor-element elementor-element-7238d0d e-con-full e-flex e-con e-child\" data-id=\"7238d0d\" data-element_type=\"container\" data-e-type=\"container\">\n\t\t<div class=\"elementor-element elementor-element-eb8f4c6 e-flex e-con-boxed e-con e-child\" data-id=\"eb8f4c6\" data-element_type=\"container\" data-e-type=\"container\">\n\t\t\t\t\t<div class=\"e-con-inner\">\n\t\t<div class=\"elementor-element elementor-element-2cfdb76 e-con-full e-flex e-con e-child\" data-id=\"2cfdb76\" data-element_type=\"container\" data-e-type=\"container\">\n\t\t\t\t<div class=\"elementor-element elementor-element-8c20fc9 elementor-widget elementor-widget-heading\" data-id=\"8c20fc9\" data-element_type=\"widget\" data-e-type=\"widget\" data-widget_type=\"heading.default\">\n\t\t\t\t<div class=\"elementor-widget-container\">\n\t\t\t\t\t<h6 class=\"elementor-heading-title elementor-size-default\">About us<\/h6>\t\t\t\t<\/div>\n\t\t\t\t<\/div>\n\t\t\t\t<div class=\"elementor-element elementor-element-0add2b5 elementor-widget elementor-widget-heading\" data-id=\"0add2b5\" data-element_type=\"widget\" data-e-type=\"widget\" data-widget_type=\"heading.default\">\n\t\t\t\t<div class=\"elementor-widget-container\">\n\t\t\t\t\t<h2 class=\"elementor-heading-title elementor-size-default\">BSD Education<\/h2>\t\t\t\t<\/div>\n\t\t\t\t<\/div>\n\t\t\t\t<div class=\"elementor-element elementor-element-adfd6c5 elementor-widget elementor-widget-heading\" data-id=\"adfd6c5\" data-element_type=\"widget\" data-e-type=\"widget\" data-widget_type=\"heading.default\">\n\t\t\t\t<div class=\"elementor-widget-container\">\n\t\t\t\t\t<h4 class=\"elementor-heading-title elementor-size-default\"><h1 style=\"font-family: Quicksand, sans-serif;font-size: 72px;line-height: 70px;font-style: normal;text-align: left\">Build Something&nbsp;<font color=\"#FFFFFF\"><span style=\"background: linear-gradient(transparent 15%, rgb(0, 196, 186) 15%, rgb(0, 196, 186) 90%, transparent 90%)\">Different<\/span><\/font>&nbsp;<\/h1><br><h1 style=\"font-family: Quicksand, sans-serif;font-size: 72px;line-height: 70px;font-style: normal;text-align: left\">this school year<span style=\"font-family: Montserrat, sans-serif;font-size: 1.46667rem;font-weight: 300;text-align: center\"><\/span><\/h1><\/h4>\t\t\t\t<\/div>\n\t\t\t\t<\/div>\n\t\t\t\t<div class=\"elementor-element elementor-element-d5484aa elementor-widget-divider--view-line elementor-widget elementor-widget-divider\" data-id=\"d5484aa\" data-element_type=\"widget\" data-e-type=\"widget\" data-widget_type=\"divider.default\">\n\t\t\t\t<div class=\"elementor-widget-container\">\n\t\t\t\t\t\t\t<div class=\"elementor-divider\">\n\t\t\t<span class=\"elementor-divider-separator\">\n\t\t\t\t\t\t<\/span>\n\t\t<\/div>\n\t\t\t\t\t\t<\/div>\n\t\t\t\t<\/div>\n\t\t\t\t<div class=\"elementor-element elementor-element-9a662a8 elementor-drop-cap-yes elementor-drop-cap-view-default elementor-widget elementor-widget-text-editor\" data-id=\"9a662a8\" data-element_type=\"widget\" data-e-type=\"widget\" data-settings=\"{&quot;drop_cap&quot;:&quot;yes&quot;}\" data-widget_type=\"text-editor.default\">\n\t\t\t\t<div class=\"elementor-widget-container\">\n\t\t\t\t\t\t\t\t\t<p>Founded in 2013 by Chris Geary and Nickey Khemchandani, BSD Education has come a long way since its inception in Hong Kong.<\/p>\n<p>Starting as a coding academy for local students, we soon noticed a gap in education where educators often struggled with how to confidently and thoroughly incorporate ever-changing technology into their classrooms and schools.<\/p>\n<p>10 years later, we have expanded our global presence to 24 countries and now partner with nearly 7,000 schools to develop technology skills with online learning environments, customized curricula, and professional development.<\/p>\n<p>We named our company with the spirit of building something different, abbreviated as BSD, in education. With this in mind, we are now working closely with both students and teachers, with the common goal of bridging the educational gap between education, technology and future careers for the next generations.<\/p>\n<h4><strong>Build something \u201cdifferent\u201d this school year<\/strong><\/h4>\n<p>BSD Education&#039;s overall goal is to bridge the educational gap between education, technology and future careers for the next generations.<\/p>\n<p>At BSD, we inspire&nbsp;<strong>individual creativity<\/strong>&nbsp;and foster deep understanding of core technology industries. From AI and Data Science to Startups and Web3,&nbsp;<strong>Our tailored curriculum equips students with the practical skills for a successful future.<\/strong><\/p>\n<h4><strong>How we work with schools<\/strong><\/h4>\n<p>We focus on providing world-class, unparalleled support to help build technology education teaching capacity at the grassroots level. Starting with PD and continuing with one-on-one coaching, our team helps teachers develop their skills and give them the confidence to create a continuously improving learning environment.<\/p>\n<h5><strong>Teaching and learning platform<\/strong><\/h5>\n<p>Facilitate step-by-step guided projects for synchronous or asynchronous classes.<\/p>\n<p>Tools to support both teachers and learners.<\/p>\n<p>Intuitive and flexible web-based experience.<\/p>\n<h5><strong>Content library with full resources<\/strong><\/h5>\n<p>Hundreds of hours of technology training.<\/p>\n<p>Includes hourly lesson plans, grading rubrics, and our slides.<\/p>\n<p>Digital Promise certified, ISTE &amp; CSTA compliant<\/p>\t\t\t\t\t\t\t\t<\/div>\n\t\t\t\t<\/div>\n\t\t\t\t<div class=\"elementor-element elementor-element-cfb7a4c elementor-align-center elementor-widget elementor-widget-button\" data-id=\"cfb7a4c\" data-element_type=\"widget\" data-e-type=\"widget\" data-widget_type=\"button.default\">\n\t\t\t\t<div class=\"elementor-widget-container\">\n\t\t\t\t\t\t\t\t\t<div class=\"elementor-button-wrapper\">\n\t\t\t\t\t<a class=\"elementor-button elementor-button-link elementor-size-sm\" href=\"\/en\/khoa-hoc\/?filter_nha-xuat-ban=bsd-education\">\n\t\t\t\t\t\t<span class=\"elementor-button-content-wrapper\">\n\t\t\t\t\t\t\t\t\t<span class=\"elementor-button-text\">View BSD Education courses<\/span>\n\t\t\t\t\t<\/span>\n\t\t\t\t\t<\/a>\n\t\t\t\t<\/div>\n\t\t\t\t\t\t\t\t<\/div>\n\t\t\t\t<\/div>\n\t\t\t\t<\/div>\n\t\t\t\t\t<\/div>\n\t\t\t\t<\/div>\n\t\t\t\t<\/div>\n\t\t\t\t\t<\/div>\n\t\t\t\t<\/div>\n\t\t<div class=\"elementor-element elementor-element-9ca35b9 e-flex e-con-boxed e-con e-parent\" data-id=\"9ca35b9\" data-element_type=\"container\" data-e-type=\"container\">\n\t\t\t\t\t<div class=\"e-con-inner\">\n\t\t\t\t\t<\/div>\n\t\t\t\t<\/div>\n\t\t\t\t<\/div>","protected":false},"excerpt":{"rendered":"<p>BSD Education Gi\u1edbi thi\u1ec7u BSD Education Build Something&nbsp;Different&nbsp; this school year \u0110\u01b0\u1ee3c th\u00e0nh l\u1eadp v\u00e0o n\u0103m 2013 b\u1edfi Chris Geary v\u00e0 Nickey Khemchandani, BSD Education \u0111\u00e3 \u0111i m\u1ed9t ch\u1eb7ng \u0111\u01b0\u1eddng d\u00e0i k\u1ec3 t\u1eeb khi th\u00e0nh l\u1eadp t\u1ea1i H\u1ed3ng K\u00f4ng. B\u1eaft \u0111\u1ea7u l\u00e0 m\u1ed9t h\u1ecdc vi\u1ec7n l\u1eadp tr\u00ecnh d\u00e0nh cho sinh vi\u00ean s\u1ed1ng t\u1ea1i \u0111\u1ecba ph\u01b0\u01a1ng, [&hellip;]<\/p>\n","protected":false},"author":2,"featured_media":0,"parent":0,"menu_order":0,"comment_status":"closed","ping_status":"closed","template":"","meta":{"site-sidebar-layout":"no-sidebar","site-content-layout":"page-builder","ast-site-content-layout":"default","site-content-style":"default","site-sidebar-style":"default","ast-global-header-display":"","ast-banner-title-visibility":"","ast-main-header-display":"","ast-hfb-above-header-display":"","ast-hfb-below-header-display":"","ast-hfb-mobile-header-display":"","site-post-title":"disabled","ast-breadcrumbs-content":"disabled","ast-featured-img":"disabled","footer-sml-layout":"","ast-disable-related-posts":"","theme-transparent-header-meta":"enabled","adv-header-id-meta":"","stick-header-meta":"","header-above-stick-meta":"","header-main-stick-meta":"","header-below-stick-meta":"","astra-migrate-meta-layouts":"default","ast-page-background-enabled":"default","ast-page-background-meta":{"desktop":{"background-color":"","background-image":"","background-repeat":"repeat","background-position":"center center","background-size":"auto","background-attachment":"scroll","background-type":"","background-media":"","overlay-type":"","overlay-color":"","overlay-opacity":"","overlay-gradient":""},"tablet":{"background-color":"","background-image":"","background-repeat":"repeat","background-position":"center center","background-size":"auto","background-attachment":"scroll","background-type":"","background-media":"","overlay-type":"","overlay-color":"","overlay-opacity":"","overlay-gradient":""},"mobile":{"background-color":"","background-image":"","background-repeat":"repeat","background-position":"center center","background-size":"auto","background-attachment":"scroll","background-type":"","background-media":"","overlay-type":"","overlay-color":"","overlay-opacity":"","overlay-gradient":""}},"ast-content-background-meta":{"desktop":{"background-color":"var(--ast-global-color-4)","background-image":"","background-repeat":"repeat","background-position":"center center","background-size":"auto","background-attachment":"scroll","background-type":"","background-media":"","overlay-type":"","overlay-color":"","overlay-opacity":"","overlay-gradient":""},"tablet":{"background-color":"var(--ast-global-color-4)","background-image":"","background-repeat":"repeat","background-position":"center center","background-size":"auto","background-attachment":"scroll","background-type":"","background-media":"","overlay-type":"","overlay-color":"","overlay-opacity":"","overlay-gradient":""},"mobile":{"background-color":"var(--ast-global-color-4)","background-image":"","background-repeat":"repeat","background-position":"center center","background-size":"auto","background-attachment":"scroll","background-type":"","background-media":"","overlay-type":"","overlay-color":"","overlay-opacity":"","overlay-gradient":""}},"footnotes":""},"class_list":["post-3761","page","type-page","status-publish","hentry"],"_links":{"self":[{"href":"https:\/\/aikip.io\/en\/wp-json\/wp\/v2\/pages\/3761","targetHints":{"allow":["GET"]}}],"collection":[{"href":"https:\/\/aikip.io\/en\/wp-json\/wp\/v2\/pages"}],"about":[{"href":"https:\/\/aikip.io\/en\/wp-json\/wp\/v2\/types\/page"}],"author":[{"embeddable":true,"href":"https:\/\/aikip.io\/en\/wp-json\/wp\/v2\/users\/2"}],"replies":[{"embeddable":true,"href":"https:\/\/aikip.io\/en\/wp-json\/wp\/v2\/comments?post=3761"}],"version-history":[{"count":18,"href":"https:\/\/aikip.io\/en\/wp-json\/wp\/v2\/pages\/3761\/revisions"}],"predecessor-version":[{"id":3828,"href":"https:\/\/aikip.io\/en\/wp-json\/wp\/v2\/pages\/3761\/revisions\/3828"}],"wp:attachment":[{"href":"https:\/\/aikip.io\/en\/wp-json\/wp\/v2\/media?parent=3761"}],"curies":[{"name":"wp","href":"https:\/\/api.w.org\/{rel}","templated":true}]}}