{"id":2755,"date":"2025-02-26T16:53:11","date_gmt":"2025-02-26T09:53:11","guid":{"rendered":"https:\/\/aikip.io\/?page_id=2755"},"modified":"2025-02-26T18:23:48","modified_gmt":"2025-02-26T11:23:48","slug":"skill-soft","status":"publish","type":"page","link":"https:\/\/aikip.io\/en\/skill-soft\/","title":{"rendered":"Soft Skills"},"content":{"rendered":"\t\t<div data-elementor-type=\"wp-page\" data-elementor-id=\"2755\" class=\"elementor elementor-2755\">\n\t\t\t\t<div class=\"elementor-element elementor-element-245f004 e-flex e-con-boxed e-con e-parent\" data-id=\"245f004\" data-element_type=\"container\" data-e-type=\"container\" data-settings=\"{&quot;background_background&quot;:&quot;classic&quot;}\">\n\t\t\t\t\t<div class=\"e-con-inner\">\n\t\t<div class=\"elementor-element elementor-element-5fe1304 e-con-full e-flex e-con e-child\" data-id=\"5fe1304\" data-element_type=\"container\" data-e-type=\"container\">\n\t\t\t\t<div class=\"elementor-element elementor-element-d7d75b5 elementor-widget elementor-widget-heading\" data-id=\"d7d75b5\" data-element_type=\"widget\" data-e-type=\"widget\" data-widget_type=\"heading.default\">\n\t\t\t\t<div class=\"elementor-widget-container\">\n\t\t\t\t\t<h1 class=\"elementor-heading-title elementor-size-default\">Skill Soft<\/h1>\t\t\t\t<\/div>\n\t\t\t\t<\/div>\n\t\t\t\t<\/div>\n\t\t\t\t\t<\/div>\n\t\t\t\t<\/div>\n\t\t<div class=\"elementor-element elementor-element-c75f124 e-flex e-con-boxed e-con e-parent\" data-id=\"c75f124\" data-element_type=\"container\" data-e-type=\"container\">\n\t\t\t\t\t<div class=\"e-con-inner\">\n\t\t<div class=\"elementor-element elementor-element-7238d0d e-con-full e-flex e-con e-child\" data-id=\"7238d0d\" data-element_type=\"container\" data-e-type=\"container\">\n\t\t<div class=\"elementor-element elementor-element-eb8f4c6 e-flex e-con-boxed e-con e-child\" data-id=\"eb8f4c6\" data-element_type=\"container\" data-e-type=\"container\">\n\t\t\t\t\t<div class=\"e-con-inner\">\n\t\t<div class=\"elementor-element elementor-element-2cfdb76 e-con-full e-flex e-con e-child\" data-id=\"2cfdb76\" data-element_type=\"container\" data-e-type=\"container\">\n\t\t\t\t<div class=\"elementor-element elementor-element-8c20fc9 elementor-widget elementor-widget-heading\" data-id=\"8c20fc9\" data-element_type=\"widget\" data-e-type=\"widget\" data-widget_type=\"heading.default\">\n\t\t\t\t<div class=\"elementor-widget-container\">\n\t\t\t\t\t<h6 class=\"elementor-heading-title elementor-size-default\">Gi\u1edbi thi\u1ec7u<\/h6>\t\t\t\t<\/div>\n\t\t\t\t<\/div>\n\t\t\t\t<div class=\"elementor-element elementor-element-0add2b5 elementor-widget elementor-widget-heading\" data-id=\"0add2b5\" data-element_type=\"widget\" data-e-type=\"widget\" data-widget_type=\"heading.default\">\n\t\t\t\t<div class=\"elementor-widget-container\">\n\t\t\t\t\t<h2 class=\"elementor-heading-title elementor-size-default\">Skill Soft<\/h2>\t\t\t\t<\/div>\n\t\t\t\t<\/div>\n\t\t\t\t<div class=\"elementor-element elementor-element-adfd6c5 elementor-widget elementor-widget-heading\" data-id=\"adfd6c5\" data-element_type=\"widget\" data-e-type=\"widget\" data-widget_type=\"heading.default\">\n\t\t\t\t<div class=\"elementor-widget-container\">\n\t\t\t\t\t<h4 class=\"elementor-heading-title elementor-size-default\">Unlock The Potential of Your Workforce<\/h4>\t\t\t\t<\/div>\n\t\t\t\t<\/div>\n\t\t\t\t<div class=\"elementor-element elementor-element-d5484aa elementor-widget-divider--view-line elementor-widget elementor-widget-divider\" data-id=\"d5484aa\" data-element_type=\"widget\" data-e-type=\"widget\" data-widget_type=\"divider.default\">\n\t\t\t\t<div class=\"elementor-widget-container\">\n\t\t\t\t\t\t\t<div class=\"elementor-divider\">\n\t\t\t<span class=\"elementor-divider-separator\">\n\t\t\t\t\t\t<\/span>\n\t\t<\/div>\n\t\t\t\t\t\t<\/div>\n\t\t\t\t<\/div>\n\t\t\t\t<div class=\"elementor-element elementor-element-9a662a8 elementor-drop-cap-yes elementor-drop-cap-view-default elementor-widget elementor-widget-text-editor\" data-id=\"9a662a8\" data-element_type=\"widget\" data-e-type=\"widget\" data-settings=\"{&quot;drop_cap&quot;:&quot;yes&quot;}\" data-widget_type=\"text-editor.default\">\n\t\t\t\t<div class=\"elementor-widget-container\">\n\t\t\t\t\t\t\t\t\t<p>\u200b<span class=\"relative -mx-px my-[-0.2rem] rounded px-px py-[0.2rem]\">Skillsoft l\u00e0 m\u1ed9t c\u00f4ng ty c\u00f4ng ngh\u1ec7 gi\u00e1o d\u1ee5c c\u1ee7a M\u1ef9, chuy\u00ean cung c\u1ea5p c\u00e1c gi\u1ea3i ph\u00e1p \u0111\u00e0o t\u1ea1o tr\u1ef1c tuy\u1ebfn cho doanh nghi\u1ec7p v\u00e0 c\u00e1 nh\u00e2n.<\/span> <span class=\"relative -mx-px my-[-0.2rem] rounded px-px py-[0.2rem]\">\u0110\u01b0\u1ee3c th\u00e0nh l\u1eadp v\u00e0o n\u0103m 1998, Skillsoft \u0111\u00e3 ph\u00e1t tri\u1ec3n th\u00e0nh m\u1ed9t trong nh\u1eefng nh\u00e0 cung c\u1ea5p h\u00e0ng \u0111\u1ea7u v\u1ec1 c\u00e1c ch\u01b0\u01a1ng tr\u00ecnh eLearning tr\u00ean to\u00e0n c\u1ea7u.<\/span><\/p><p><span class=\"relative -mx-px my-[-0.2rem] rounded px-px py-[0.2rem]\">N\u1ec1n t\u1ea3ng h\u1ecdc t\u1eadp c\u1ee7a Skillsoft, Percipio, \u0111\u01b0\u1ee3c thi\u1ebft k\u1ebf v\u1edbi giao di\u1ec7n hi\u1ec7n \u0111\u1ea1i, \u0111\u01a1n gi\u1ea3n v\u00e0 tr\u1ef1c quan, mang l\u1ea1i tr\u1ea3i nghi\u1ec7m h\u1ecdc t\u1eadp phong ph\u00fa cho ng\u01b0\u1eddi d\u00f9ng.<\/span> <span class=\"relative -mx-px my-[-0.2rem] rounded px-px py-[0.2rem]\">Percipio cung c\u1ea5p c\u00e1c l\u1ed9 tr\u00ecnh h\u1ecdc t\u1eadp c\u00e1 nh\u00e2n h\u00f3a, cho ph\u00e9p ng\u01b0\u1eddi h\u1ecdc t\u1ea1o danh s\u00e1ch ph\u00e1t, ti\u1ebfp t\u1ee5c h\u1ecdc t\u1eeb n\u01a1i \u0111\u00e3 d\u1eebng v\u00e0 nh\u1eadn c\u00e1c b\u00e0i t\u1eadp ph\u00f9 h\u1ee3p v\u1edbi m\u1ee5c ti\u00eau ph\u00e1t tri\u1ec3n c\u1ee7a h\u1ecd.<\/span><\/p><p>Skillsoft cung c\u1ea5p c\u00e1c ch\u01b0\u01a1ng tr\u00ecnh \u0111\u00e0o t\u1ea1o \u0111a d\u1ea1ng, bao g\u1ed3m ph\u00e1t tri\u1ec3n l\u00e3nh \u0111\u1ea1o, k\u1ef9 n\u0103ng kinh doanh, k\u1ef9 n\u0103ng c\u00f4ng ngh\u1ec7 v\u00e0 tu\u00e2n th\u1ee7 ph\u00e1p lu\u1eadt. V\u1edbi s\u1ef1 k\u1ebft h\u1ee3p gi\u1eefa tr\u1ea3i nghi\u1ec7m h\u1ecdc t\u1eadp \u0111\u01b0\u1ee3c h\u1ed7 tr\u1ee3 b\u1edfi AI, th\u1ef1c h\u00e0nh th\u1ef1c t\u1ebf v\u00e0 hu\u1ea5n luy\u1ec7n \u0111a ph\u01b0\u01a1ng ti\u1ec7n, Skillsoft gi\u00fap c\u00e1c t\u1ed5 ch\u1ee9c v\u00e0 c\u00e1 nh\u00e2n ph\u00e1t tri\u1ec3n li\u00ean t\u1ee5c, \u0111\u1ea3m b\u1ea3o h\u1ecd s\u1edf h\u1eefu nh\u1eefng k\u1ef9 n\u0103ng c\u1ea7n thi\u1ebft \u0111\u1ec3 th\u00e0nh c\u00f4ng trong m\u00f4i tr\u01b0\u1eddng kinh doanh thay \u0111\u1ed5i nhanh ch\u00f3ng.<\/p><p>\u0110\u1ec3 h\u1ed7 tr\u1ee3 ng\u01b0\u1eddi h\u1ecdc ti\u1ebfp c\u1eadn n\u1ed9i dung m\u1ecdi l\u00fac, m\u1ecdi n\u01a1i, Skillsoft \u0111\u00e3 ph\u00e1t tri\u1ec3n \u1ee9ng d\u1ee5ng di \u0111\u1ed9ng Percipio, cho ph\u00e9p ng\u01b0\u1eddi d\u00f9ng truy c\u1eadp h\u01a1n 180.000 \u0111\u1ea7u s\u00e1ch v\u00e0 kh\u00f3a h\u1ecdc tr\u00ean nhi\u1ec1u ch\u1ee7 \u0111\u1ec1 kh\u00e1c nhau, t\u1eeb l\u00e3nh \u0111\u1ea1o, kinh doanh \u0111\u1ebfn c\u00f4ng ngh\u1ec7 v\u00e0 \u0111i\u1ec7n to\u00e1n \u0111\u00e1m m\u00e2y.<\/p><p>V\u1edbi cam k\u1ebft li\u00ean t\u1ee5c \u0111\u1ed5i m\u1edbi v\u00e0 cung c\u1ea5p c\u00e1c gi\u1ea3i ph\u00e1p h\u1ecdc t\u1eadp ti\u00ean ti\u1ebfn, Skillsoft \u0111ang gi\u00fap c\u00e1c t\u1ed5 ch\u1ee9c v\u00e0 c\u00e1 nh\u00e2n tr\u00ean to\u00e0n th\u1ebf gi\u1edbi khai ph\u00e1 ti\u1ec1m n\u0103ng v\u00e0 \u0111\u1ea1t \u0111\u01b0\u1ee3c m\u1ee5c ti\u00eau ph\u00e1t tri\u1ec3n c\u1ee7a m\u00ecnh.<\/p>\t\t\t\t\t\t\t\t<\/div>\n\t\t\t\t<\/div>\n\t\t\t\t<div class=\"elementor-element elementor-element-13a216e elementor-align-center elementor-widget elementor-widget-button\" data-id=\"13a216e\" data-element_type=\"widget\" data-e-type=\"widget\" data-widget_type=\"button.default\">\n\t\t\t\t<div class=\"elementor-widget-container\">\n\t\t\t\t\t\t\t\t\t<div class=\"elementor-button-wrapper\">\n\t\t\t\t\t<a class=\"elementor-button elementor-button-link elementor-size-sm\" href=\"\/khoa-hoc\/?filter_nha-xuat-ban=skill-soft\">\n\t\t\t\t\t\t<span class=\"elementor-button-content-wrapper\">\n\t\t\t\t\t\t\t\t\t<span class=\"elementor-button-text\">Xem c\u00e1c kh\u00f3a h\u1ecdc c\u1ee7a Skill Soft<\/span>\n\t\t\t\t\t<\/span>\n\t\t\t\t\t<\/a>\n\t\t\t\t<\/div>\n\t\t\t\t\t\t\t\t<\/div>\n\t\t\t\t<\/div>\n\t\t\t\t<\/div>\n\t\t\t\t\t<\/div>\n\t\t\t\t<\/div>\n\t\t\t\t<\/div>\n\t\t\t\t\t<\/div>\n\t\t\t\t<\/div>\n\t\t<div class=\"elementor-element elementor-element-9ca35b9 e-flex e-con-boxed e-con e-parent\" data-id=\"9ca35b9\" data-element_type=\"container\" data-e-type=\"container\">\n\t\t\t\t\t<div class=\"e-con-inner\">\n\t\t\t\t\t<\/div>\n\t\t\t\t<\/div>\n\t\t\t\t<\/div>\n\t\t","protected":false},"excerpt":{"rendered":"<p>Skill Soft Gi\u1edbi thi\u1ec7u Skill Soft Unlock The Potential of Your Workforce \u200bSkillsoft l\u00e0 m\u1ed9t c\u00f4ng ty c\u00f4ng ngh\u1ec7 gi\u00e1o d\u1ee5c c\u1ee7a M\u1ef9, chuy\u00ean cung c\u1ea5p c\u00e1c gi\u1ea3i ph\u00e1p \u0111\u00e0o t\u1ea1o tr\u1ef1c tuy\u1ebfn cho doanh nghi\u1ec7p v\u00e0 c\u00e1 nh\u00e2n. \u0110\u01b0\u1ee3c th\u00e0nh l\u1eadp v\u00e0o n\u0103m 1998, Skillsoft \u0111\u00e3 ph\u00e1t tri\u1ec3n th\u00e0nh m\u1ed9t trong nh\u1eefng nh\u00e0 cung [&hellip;]<\/p>\n","protected":false},"author":2,"featured_media":0,"parent":0,"menu_order":0,"comment_status":"closed","ping_status":"closed","template":"","meta":{"site-sidebar-layout":"no-sidebar","site-content-layout":"page-builder","ast-site-content-layout":"default","site-content-style":"default","site-sidebar-style":"default","ast-global-header-display":"","ast-banner-title-visibility":"","ast-main-header-display":"","ast-hfb-above-header-display":"","ast-hfb-below-header-display":"","ast-hfb-mobile-header-display":"","site-post-title":"disabled","ast-breadcrumbs-content":"disabled","ast-featured-img":"disabled","footer-sml-layout":"","ast-disable-related-posts":"","theme-transparent-header-meta":"enabled","adv-header-id-meta":"","stick-header-meta":"","header-above-stick-meta":"","header-main-stick-meta":"","header-below-stick-meta":"","astra-migrate-meta-layouts":"default","ast-page-background-enabled":"default","ast-page-background-meta":{"desktop":{"background-color":"","background-image":"","background-repeat":"repeat","background-position":"center center","background-size":"auto","background-attachment":"scroll","background-type":"","background-media":"","overlay-type":"","overlay-color":"","overlay-opacity":"","overlay-gradient":""},"tablet":{"background-color":"","background-image":"","background-repeat":"repeat","background-position":"center center","background-size":"auto","background-attachment":"scroll","background-type":"","background-media":"","overlay-type":"","overlay-color":"","overlay-opacity":"","overlay-gradient":""},"mobile":{"background-color":"","background-image":"","background-repeat":"repeat","background-position":"center center","background-size":"auto","background-attachment":"scroll","background-type":"","background-media":"","overlay-type":"","overlay-color":"","overlay-opacity":"","overlay-gradient":""}},"ast-content-background-meta":{"desktop":{"background-color":"var(--ast-global-color-4)","background-image":"","background-repeat":"repeat","background-position":"center center","background-size":"auto","background-attachment":"scroll","background-type":"","background-media":"","overlay-type":"","overlay-color":"","overlay-opacity":"","overlay-gradient":""},"tablet":{"background-color":"var(--ast-global-color-4)","background-image":"","background-repeat":"repeat","background-position":"center center","background-size":"auto","background-attachment":"scroll","background-type":"","background-media":"","overlay-type":"","overlay-color":"","overlay-opacity":"","overlay-gradient":""},"mobile":{"background-color":"var(--ast-global-color-4)","background-image":"","background-repeat":"repeat","background-position":"center center","background-size":"auto","background-attachment":"scroll","background-type":"","background-media":"","overlay-type":"","overlay-color":"","overlay-opacity":"","overlay-gradient":""}},"footnotes":""},"class_list":["post-2755","page","type-page","status-publish","hentry"],"_links":{"self":[{"href":"https:\/\/aikip.io\/en\/wp-json\/wp\/v2\/pages\/2755","targetHints":{"allow":["GET"]}}],"collection":[{"href":"https:\/\/aikip.io\/en\/wp-json\/wp\/v2\/pages"}],"about":[{"href":"https:\/\/aikip.io\/en\/wp-json\/wp\/v2\/types\/page"}],"author":[{"embeddable":true,"href":"https:\/\/aikip.io\/en\/wp-json\/wp\/v2\/users\/2"}],"replies":[{"embeddable":true,"href":"https:\/\/aikip.io\/en\/wp-json\/wp\/v2\/comments?post=2755"}],"version-history":[{"count":7,"href":"https:\/\/aikip.io\/en\/wp-json\/wp\/v2\/pages\/2755\/revisions"}],"predecessor-version":[{"id":2807,"href":"https:\/\/aikip.io\/en\/wp-json\/wp\/v2\/pages\/2755\/revisions\/2807"}],"wp:attachment":[{"href":"https:\/\/aikip.io\/en\/wp-json\/wp\/v2\/media?parent=2755"}],"curies":[{"name":"wp","href":"https:\/\/api.w.org\/{rel}","templated":true}]}}